{"id":167,"date":"2018-02-01T15:10:57","date_gmt":"2018-02-01T15:10:57","guid":{"rendered":"http:\/\/www.adenome-prostate.com\/?page_id=167"},"modified":"2026-04-07T09:47:51","modified_gmt":"2026-04-07T09:47:51","slug":"prostate-embolization-specialist-paris","status":"publish","type":"page","link":"https:\/\/adenome-prostate.com\/en\/specialiste-embolisation-prostate-paris\/","title":{"rendered":"Our specialists"},"content":{"rendered":"<p>[et_pb_section fb_built=\u00a0\u00bb1&Prime; make_equal=\u00a0\u00bbon\u00a0\u00bb use_custom_gutter=\u00a0\u00bbon\u00a0\u00bb gutter_width=\u00a0\u00bb1&Prime; specialty=\u00a0\u00bbon\u00a0\u00bb background_color_1=\u00a0\u00bbrgba(0,11,48,0.82)\u00a0\u00bb padding_right_1=\u00a0\u00bb0px\u00a0\u00bb padding_bottom_1=\u00a0\u00bb0px\u00a0\u00bb padding_bottom_2=\u00a0\u00bb0px\u00a0\u00bb padding_left_1=\u00a0\u00bb0px\u00a0\u00bb padding_left_2=\u00a0\u00bb0px\u00a0\u00bb padding_top_bottom_link_1=\u00a0\u00bbfalse\u00a0\u00bb padding_top_bottom_link_2=\u00a0\u00bbfalse\u00a0\u00bb padding_left_right_link_1=\u00a0\u00bbfalse\u00a0\u00bb padding_left_right_link_2=\u00a0\u00bbfalse\u00a0\u00bb admin_label=\u00a0\u00bbHeader\u00a0\u00bb _builder_version=\u00a0\u00bb4.27.2&Prime; _module_preset=\u00a0\u00bbdefault\u00a0\u00bb inner_width=\u00a0\u00bb66%\u00a0\u00bb inner_width_tablet=\u00a0\u00bb66%\u00a0\u00bb inner_width_phone=\u00a0\u00bb100%\u00a0\u00bb inner_width_last_edited=\u00a0\u00bbon|phone\u00a0\u00bb inner_max_width=\u00a0\u00bb1500px\u00a0\u00bb custom_padding=\u00a0\u00bb0px||0px|0px|true|false\u00a0\u00bb border_color_all=\u00a0\u00bb#0E2D41&Prime; border_width_bottom=\u00a0\u00bb2px\u00a0\u00bb locked=\u00a0\u00bboff\u00a0\u00bb collapsed=\u00a0\u00bbon\u00a0\u00bb global_colors_info=\u00a0\u00bb{}\u00a0\u00bb][et_pb_column type=\u00a0\u00bb1_2&Prime; _builder_version=\u00a0\u00bb4.16&Prime; _module_preset=\u00a0\u00bbdefault\u00a0\u00bb custom_padding=\u00a0\u00bb|||\u00a0\u00bb global_colors_info=\u00a0\u00bb{}\u00a0\u00bb custom_padding__hover=\u00a0\u00bb|||\u00a0\u00bb][et_pb_divider show_divider=\u00a0\u00bboff\u00a0\u00bb disabled_on=\u00a0\u00bbon|off|off\u00a0\u00bb _builder_version=\u00a0\u00bb4.27.2&Prime; _module_preset=\u00a0\u00bbdefault\u00a0\u00bb height_tablet=\u00a0\u00bb40vw\u00a0\u00bb height_phone=\u00a0\u00bb40vw\u00a0\u00bb height_last_edited=\u00a0\u00bbon|desktop\u00a0\u00bb locked=\u00a0\u00bboff\u00a0\u00bb global_colors_info=\u00a0\u00bb{}\u00a0\u00bb][\/et_pb_divider][\/et_pb_column][et_pb_column type=\u00a0\u00bb1_2&Prime; specialty_columns=\u00a0\u00bb2&Prime; _builder_version=\u00a0\u00bb4.16&Prime; _module_preset=\u00a0\u00bbdefault\u00a0\u00bb custom_padding=\u00a0\u00bb|||\u00a0\u00bb global_colors_info=\u00a0\u00bb{}\u00a0\u00bb custom_padding__hover=\u00a0\u00bb|||\u00a0\u00bb][et_pb_row_inner _builder_version=\u00a0\u00bb4.19.3&Prime; _module_preset=\u00a0\u00bbdefault\u00a0\u00bb custom_padding=\u00a0\u00bb6%|6%|6%|6%|true|true\u00a0\u00bb border_color_all=\u00a0\u00bb#0E2D41&Prime; border_width_left=\u00a0\u00bb2px\u00a0\u00bb global_colors_info=\u00a0\u00bb{}\u00a0\u00bb][et_pb_column_inner saved_specialty_column_type=\u00a0\u00bb1_2&Prime; _builder_version=\u00a0\u00bb4.19.3&Prime; _module_preset=\u00a0\u00bbdefault\u00a0\u00bb global_colors_info=\u00a0\u00bb{}\u00a0\u00bb][et_pb_text _builder_version=\u00a0\u00bb4.27.2&Prime; _module_preset=\u00a0\u00bb86046e7e-b995-487a-999f-a9fb0fcb792a\u00a0\u00bb header_font=\u00a0\u00bb|600|||||||\u00a0\u00bb header_font_size=\u00a0\u00bb47px\u00a0\u00bb global_colors_info=\u00a0\u00bb{}\u00a0\u00bb]<\/p>\n<h1>Les sp\u00e9cialistes de la prostate \u00e0 Paris<\/h1>\n<p>[\/et_pb_text][\/et_pb_column_inner][\/et_pb_row_inner][et_pb_row_inner _builder_version=\u00a0\u00bb4.27.2&Prime; _module_preset=\u00a0\u00bbdefault\u00a0\u00bb background_color=\u00a0\u00bb#a1aec9&Prime; custom_padding=\u00a0\u00bb6%|6%|23px|6%|false|true\u00a0\u00bb border_width_all=\u00a0\u00bb2px\u00a0\u00bb border_color_all=\u00a0\u00bb#0E2D41&Prime; border_width_bottom=\u00a0\u00bb0px\u00a0\u00bb global_colors_info=\u00a0\u00bb{%22gcid-c7a91ef9-8f2c-4a77-860c-352ffa80795b%22:%91%22background_color%22%93}\u00a0\u00bb][et_pb_column_inner saved_specialty_column_type=\u00a0\u00bb1_2&Prime; _builder_version=\u00a0\u00bb4.19.3&Prime; _module_preset=\u00a0\u00bbdefault\u00a0\u00bb global_colors_info=\u00a0\u00bb{}\u00a0\u00bb][et_pb_text _builder_version=\u00a0\u00bb4.27.2&Prime; _module_preset=\u00a0\u00bbddea08ea-5343-484c-80ce-efbbcadb0ab3&Prime; text_font=\u00a0\u00bb||||||||\u00a0\u00bb text_text_color=\u00a0\u00bb#000000&Prime; text_font_size=\u00a0\u00bb16px\u00a0\u00bb custom_margin=\u00a0\u00bb||20px||false|false\u00a0\u00bb global_colors_info=\u00a0\u00bb{}\u00a0\u00bb]<\/p>\n<p>Qui sont les sp\u00e9cialistes de la prostate \u00e0 Paris ?\u00a0<\/p>\n<p>[\/et_pb_text][\/et_pb_column_inner][\/et_pb_row_inner][\/et_pb_column][\/et_pb_section][et_pb_section fb_built=\u00a0\u00bb1&Prime; admin_label=\u00a0\u00bbCall to Action\u00a0\u00bb _builder_version=\u00a0\u00bb4.19.3&Prime; _module_preset=\u00a0\u00bbdefault\u00a0\u00bb custom_padding=\u00a0\u00bb25px|||||\u00a0\u00bb collapsed=\u00a0\u00bbon\u00a0\u00bb global_colors_info=\u00a0\u00bb{}\u00a0\u00bb][et_pb_row column_structure=\u00a0\u00bb1_4,3_4&Prime; _builder_version=\u00a0\u00bb4.16&Prime; custom_margin=\u00a0\u00bb|auto|38px|auto||\u00a0\u00bb custom_padding=\u00a0\u00bb0px|0px|27px|0px\u00a0\u00bb global_colors_info=\u00a0\u00bb{}\u00a0\u00bb][et_pb_column type=\u00a0\u00bb1_4&Prime; _builder_version=\u00a0\u00bb4.16&Prime; custom_padding=\u00a0\u00bb|||\u00a0\u00bb global_colors_info=\u00a0\u00bb{}\u00a0\u00bb custom_padding__hover=\u00a0\u00bb|||\u00a0\u00bb][et_pb_blurb title=\u00a0\u00bbDr. Antoine HAKIME MD, MS\u00a0\u00bb image=\u00a0\u00bbhttps:\/\/adenome-prostate.com\/wp-content\/uploads\/2022\/04\/antoine-scaled-1.jpg\u00a0\u00bb content_max_width=\u00a0\u00bb531px\u00a0\u00bb image_icon_width_tablet=\u00a0\u00bb39%\u00a0\u00bb image_icon_width_phone=\u00a0\u00bb65%\u00a0\u00bb image_icon_width_last_edited=\u00a0\u00bbon|phone\u00a0\u00bb _builder_version=\u00a0\u00bb4.16&Prime; header_level=\u00a0\u00bbh2&Prime; header_font=\u00a0\u00bb|600|||||||\u00a0\u00bb header_text_align=\u00a0\u00bbcenter\u00a0\u00bb header_font_size=\u00a0\u00bb21px\u00a0\u00bb body_font=\u00a0\u00bb||||||||\u00a0\u00bb max_width=\u00a0\u00bb93%\u00a0\u00bb image_max_width_tablet=\u00a0\u00bb39%\u00a0\u00bb image_max_width_phone=\u00a0\u00bb65%\u00a0\u00bb image_max_width_last_edited=\u00a0\u00bbon|phone\u00a0\u00bb global_colors_info=\u00a0\u00bb{}\u00a0\u00bb][\/et_pb_blurb][\/et_pb_column][et_pb_column type=\u00a0\u00bb3_4&Prime; _builder_version=\u00a0\u00bb4.16&Prime; custom_padding=\u00a0\u00bb|||\u00a0\u00bb global_colors_info=\u00a0\u00bb{}\u00a0\u00bb custom_padding__hover=\u00a0\u00bb|||\u00a0\u00bb][et_pb_text _builder_version=\u00a0\u00bb4.27.2&Prime; text_font=\u00a0\u00bb&#8211;et_global_heading_font||||||||\u00a0\u00bb text_text_color=\u00a0\u00bbRGBA(0,11,48,0.82)\u00a0\u00bb text_font_size=\u00a0\u00bb15px\u00a0\u00bb global_colors_info=\u00a0\u00bb{}\u00a0\u00bb]<\/p>\n<p>&nbsp;<\/p>\n<p>Chef d&rsquo;unit\u00e9 de Radiologie Interventionnelle \u00e0 l&rsquo;H\u00f4pital Am\u00e9ricain de Paris.<\/p>\n<p>Ancien interne et chef de clinique des\u00a0h\u00f4pitaux de Paris.<\/p>\n<p>M\u00e9daille d&rsquo;or de l&rsquo;internat.<\/p>\n<p>Ancien fellow, Harvard Medical School; Fellowhip award.<\/p>\n<p>Sp\u00e9cialiste embolisation art\u00e9rielle et veineuse<\/p>\n<p><span style=\"font-size: 14px;\">Praticien hospitalier, d\u00e9partement de chirurgie mini invasive guid\u00e9e par imagerie \u00e0 l&rsquo;Institut Gustave Roussy.<\/span><\/p>\n<p><span style=\"font-size: 14px;\">Consultant au Royal London Hospital.<\/span><\/p>\n<p><span>Enseignant au dipl\u00f4me de Radiologie Interventionnelle Oncologique<\/span><\/p>\n<p><span>Orateur dans les congr\u00e8s m\u00e9dicaux.<\/span><\/p>\n<p><span>Sp\u00e9cialiste en <strong>embolisation de la prostate<\/strong><\/span><\/p>\n<p><span style=\"font-size: 14px;\">Plus de 50 articles scientifiques publi\u00e9: <a href=\"https:\/\/www.ncbi.nlm.nih.gov\/pubmed\/?term=antoine+hakime\" target=\"_blank\" rel=\"noopener noreferrer\">PubMed<\/a><\/span><\/p>\n<p><a href=\"https:\/\/www.linkedin.com\/in\/antoine-hakime-0207225\/\" target=\"_blank\" rel=\"noopener noreferrer\">Voir le CV complet du Dr Hakime<\/a><\/p>\n<p>[\/et_pb_text][\/et_pb_column][\/et_pb_row][et_pb_row column_structure=\u00a0\u00bb1_4,3_4&Prime; _builder_version=\u00a0\u00bb4.16&Prime; global_colors_info=\u00a0\u00bb{}\u00a0\u00bb][et_pb_column type=\u00a0\u00bb1_4&Prime; _builder_version=\u00a0\u00bb4.16&Prime; custom_padding=\u00a0\u00bb|||\u00a0\u00bb global_colors_info=\u00a0\u00bb{}\u00a0\u00bb custom_padding__hover=\u00a0\u00bb|||\u00a0\u00bb][et_pb_blurb title=\u00a0\u00bbDr Viseth KUOCH\u00a0\u00bb use_icon=\u00a0\u00bbon\u00a0\u00bb font_icon=\u00a0\u00bb&#xe108;||divi||400&Prime; icon_color=\u00a0\u00bb#162944&Prime; _builder_version=\u00a0\u00bb4.16&Prime; header_level=\u00a0\u00bbh2&Prime; header_font=\u00a0\u00bb|600|||||||\u00a0\u00bb header_text_align=\u00a0\u00bbcenter\u00a0\u00bb header_font_size=\u00a0\u00bb21px\u00a0\u00bb body_font=\u00a0\u00bb||||||||\u00a0\u00bb global_colors_info=\u00a0\u00bb{}\u00a0\u00bb][\/et_pb_blurb][\/et_pb_column][et_pb_column type=\u00a0\u00bb3_4&Prime; _builder_version=\u00a0\u00bb4.16&Prime; custom_padding=\u00a0\u00bb|||\u00a0\u00bb global_colors_info=\u00a0\u00bb{}\u00a0\u00bb custom_padding__hover=\u00a0\u00bb|||\u00a0\u00bb][et_pb_text _builder_version=\u00a0\u00bb4.16&Prime; text_font=\u00a0\u00bb&#8211;et_global_heading_font||||||||\u00a0\u00bb text_text_color=\u00a0\u00bbRGBA(0,11,48,0.82)\u00a0\u00bb text_font_size=\u00a0\u00bb15px\u00a0\u00bb global_colors_info=\u00a0\u00bb{}\u00a0\u00bb]Chef de service de l&rsquo;unit\u00e9 de radiologie interventionnelle du Centre Hospitalier Sud Francilien.<\/p>\n<p class=\"p1\"><span class=\"s1\">Ancien praticien du d\u00e9partement de radiologie interventionnelle de l&rsquo;Institut Gustave Roussy.<\/span><\/p>\n<p class=\"p1\"><span class=\"s1\">Ancien interne et chef de clinique des h\u00f4pitaux de Paris.<\/span><\/p>\n<p>[\/et_pb_text][\/et_pb_column][\/et_pb_row][et_pb_row column_structure=\u00a0\u00bb1_4,3_4&Prime; _builder_version=\u00a0\u00bb4.16&Prime; global_colors_info=\u00a0\u00bb{}\u00a0\u00bb][et_pb_column type=\u00a0\u00bb1_4&Prime; _builder_version=\u00a0\u00bb4.16&Prime; custom_padding=\u00a0\u00bb|||\u00a0\u00bb global_colors_info=\u00a0\u00bb{}\u00a0\u00bb custom_padding__hover=\u00a0\u00bb|||\u00a0\u00bb][et_pb_blurb title=\u00a0\u00bbDr Mohammed BERRAF\u00a0\u00bb use_icon=\u00a0\u00bbon\u00a0\u00bb font_icon=\u00a0\u00bb&#xe108;||divi||400&Prime; icon_color=\u00a0\u00bb#162944&Prime; _builder_version=\u00a0\u00bb4.16&Prime; header_level=\u00a0\u00bbh2&Prime; header_font=\u00a0\u00bb|600|||||||\u00a0\u00bb header_text_align=\u00a0\u00bbcenter\u00a0\u00bb header_font_size=\u00a0\u00bb21px\u00a0\u00bb body_font=\u00a0\u00bb||||||||\u00a0\u00bb global_colors_info=\u00a0\u00bb{}\u00a0\u00bb][\/et_pb_blurb][\/et_pb_column][et_pb_column type=\u00a0\u00bb3_4&Prime; _builder_version=\u00a0\u00bb4.16&Prime; custom_padding=\u00a0\u00bb|||\u00a0\u00bb global_colors_info=\u00a0\u00bb{}\u00a0\u00bb custom_padding__hover=\u00a0\u00bb|||\u00a0\u00bb][et_pb_text _builder_version=\u00a0\u00bb4.16&Prime; text_font=\u00a0\u00bb&#8211;et_global_heading_font||||||||\u00a0\u00bb text_text_color=\u00a0\u00bbRGBA(0,11,48,0.82)\u00a0\u00bb text_font_size=\u00a0\u00bb15px\u00a0\u00bb global_colors_info=\u00a0\u00bb{}\u00a0\u00bb]&nbsp;<\/p>\n<p><span class=\"s1\">Praticien Hospitalier&nbsp;&nbsp;de l&rsquo;unit\u00e9 de radiologie interventionnelle du Centre Hospitalier Sud Francilien.<\/span><\/p>\n<p class=\"p1\"><span class=\"s1\">Ancien assistant du d\u00e9partement de radiologie interventionnelle de l&rsquo;institut Gustave Roussy.<\/span><\/p>\n<p>[\/et_pb_text][\/et_pb_column][\/et_pb_row][et_pb_row column_structure=\u00a0\u00bb1_4,3_4&Prime; _builder_version=\u00a0\u00bb4.16&Prime; global_colors_info=\u00a0\u00bb{}\u00a0\u00bb][et_pb_column type=\u00a0\u00bb1_4&Prime; _builder_version=\u00a0\u00bb4.16&Prime; custom_padding=\u00a0\u00bb|||\u00a0\u00bb global_colors_info=\u00a0\u00bb{}\u00a0\u00bb custom_padding__hover=\u00a0\u00bb|||\u00a0\u00bb][et_pb_blurb title=\u00a0\u00bbDr YASRI Samir\u00a0\u00bb image=\u00a0\u00bbhttps:\/\/adenome-prostate.com\/wp-content\/uploads\/2026\/04\/Dr-Yasri-Samir.png\u00a0\u00bb content_max_width=\u00a0\u00bb531px\u00a0\u00bb image_icon_width_tablet=\u00a0\u00bb39%\u00a0\u00bb image_icon_width_phone=\u00a0\u00bb65%\u00a0\u00bb image_icon_width_last_edited=\u00a0\u00bbon|phone\u00a0\u00bb _builder_version=\u00a0\u00bb4.27.6&Prime; header_level=\u00a0\u00bbh2&Prime; header_font=\u00a0\u00bb|600|||||||\u00a0\u00bb header_text_align=\u00a0\u00bbcenter\u00a0\u00bb header_font_size=\u00a0\u00bb21px\u00a0\u00bb body_font=\u00a0\u00bb||||||||\u00a0\u00bb max_width=\u00a0\u00bb93%\u00a0\u00bb hover_enabled=\u00a0\u00bb0&Prime; image_max_width_tablet=\u00a0\u00bb39%\u00a0\u00bb image_max_width_phone=\u00a0\u00bb65%\u00a0\u00bb image_max_width_last_edited=\u00a0\u00bbon|phone\u00a0\u00bb global_colors_info=\u00a0\u00bb{}\u00a0\u00bb sticky_enabled=\u00a0\u00bb0&Prime; title_text=\u00a0\u00bbDr Yasri Samir\u00a0\u00bb][\/et_pb_blurb][\/et_pb_column][et_pb_column type=\u00a0\u00bb3_4&Prime; _builder_version=\u00a0\u00bb4.16&Prime; custom_padding=\u00a0\u00bb|||\u00a0\u00bb global_colors_info=\u00a0\u00bb{}\u00a0\u00bb custom_padding__hover=\u00a0\u00bb|||\u00a0\u00bb][et_pb_text _builder_version=\u00a0\u00bb4.27.6&Prime; text_font=\u00a0\u00bb&#8211;et_global_heading_font||||||||\u00a0\u00bb text_text_color=\u00a0\u00bbRGBA(0,11,48,0.82)\u00a0\u00bb text_font_size=\u00a0\u00bb15px\u00a0\u00bb hover_enabled=\u00a0\u00bb0&Prime; global_colors_info=\u00a0\u00bb{}\u00a0\u00bb sticky_enabled=\u00a0\u00bb0&Prime;]<\/p>\n<ul>\n<li>Radiologue Interventionnel\u00a0<\/li>\n<li>Urologie interventionnelle (n\u00e9phrostomie, sondes JJ, embolisation prostatique)<\/li>\n<li>Expertise en radiologie interventionnelle : infiltrations, biopsies, drainages, embolisations etc.<\/li>\n<li>Comp\u00e9tences avanc\u00e9es en oncologie interventionnelle (radiofr\u00e9quence, chimio-embolisation, proth\u00e8ses biliaires)<\/li>\n<li>Expert en pathologies vasculaires et gestes sp\u00e9cialis\u00e9s (embolisation, angioplastie, TIPS)<\/li>\n<li>Prise en charge de la douleur (cimentoplastie, kyphoplastie, alcoolisation)<\/li>\n<li>Exp\u00e9rience hospitali\u00e8re (AP-HP, CH Argenteuil, CH Sud Francilien, H\u00f4pital de Sens) avec gestion des urgences et astreintes<\/li>\n<\/ul>\n<p>[\/et_pb_text][\/et_pb_column][\/et_pb_row][et_pb_row column_structure=\u00a0\u00bb1_4,3_4&Prime; _builder_version=\u00a0\u00bb4.16&Prime; global_colors_info=\u00a0\u00bb{}\u00a0\u00bb][et_pb_column type=\u00a0\u00bb1_4&Prime; _builder_version=\u00a0\u00bb4.16&Prime; custom_padding=\u00a0\u00bb|||\u00a0\u00bb global_colors_info=\u00a0\u00bb{}\u00a0\u00bb custom_padding__hover=\u00a0\u00bb|||\u00a0\u00bb][et_pb_blurb title=\u00a0\u00bbDr SABRI Zacharie\u00a0\u00bb image=\u00a0\u00bbhttps:\/\/adenome-prostate.com\/wp-content\/uploads\/2026\/04\/9a80effe-dd5e-4506-bdd2-a5d69eda7f0f-removebg-preview.png\u00a0\u00bb content_max_width=\u00a0\u00bb531px\u00a0\u00bb image_icon_width_tablet=\u00a0\u00bb39%\u00a0\u00bb image_icon_width_phone=\u00a0\u00bb65%\u00a0\u00bb image_icon_width_last_edited=\u00a0\u00bbon|phone\u00a0\u00bb _builder_version=\u00a0\u00bb4.27.6&Prime; header_level=\u00a0\u00bbh2&Prime; header_font=\u00a0\u00bb|600|||||||\u00a0\u00bb header_text_align=\u00a0\u00bbcenter\u00a0\u00bb header_font_size=\u00a0\u00bb21px\u00a0\u00bb body_font=\u00a0\u00bb||||||||\u00a0\u00bb max_width=\u00a0\u00bb93%\u00a0\u00bb hover_enabled=\u00a0\u00bb0&Prime; image_max_width_tablet=\u00a0\u00bb39%\u00a0\u00bb image_max_width_phone=\u00a0\u00bb65%\u00a0\u00bb image_max_width_last_edited=\u00a0\u00bbon|phone\u00a0\u00bb global_colors_info=\u00a0\u00bb{}\u00a0\u00bb sticky_enabled=\u00a0\u00bb0&Prime; title_text=\u00a0\u00bbDr Sabri Zacharie\u00a0\u00bb][\/et_pb_blurb][\/et_pb_column][et_pb_column type=\u00a0\u00bb3_4&Prime; _builder_version=\u00a0\u00bb4.16&Prime; custom_padding=\u00a0\u00bb|||\u00a0\u00bb global_colors_info=\u00a0\u00bb{}\u00a0\u00bb custom_padding__hover=\u00a0\u00bb|||\u00a0\u00bb][et_pb_text _builder_version=\u00a0\u00bb4.27.6&Prime; text_font=\u00a0\u00bb&#8211;et_global_heading_font||||||||\u00a0\u00bb text_text_color=\u00a0\u00bbRGBA(0,11,48,0.82)\u00a0\u00bb text_font_size=\u00a0\u00bb15px\u00a0\u00bb global_colors_info=\u00a0\u00bb{}\u00a0\u00bb sticky_enabled=\u00a0\u00bb0&Prime;]<\/p>\n<div>Radiologue Interventionnel<\/div>\n<div><\/div>\n<div>\n<ul>\n<li>Assistant \/ Chef de clinique AP-HP en radiologie interventionnelle \u2013 H\u00f4pital Henri Mondor<\/li>\n<li>Parcours hospitalo-universitaire diversifi\u00e9 dans des centres de r\u00e9f\u00e9rence en France, Suisse et Belgique<\/li>\n<li>Expertise en imagerie de la femme\u00a0<\/li>\n<li>Radiologie interventionnelle percutan\u00e9e et vasculaire\u00a0<\/li>\n<li>Neuroradiologie interventionnelle\u00a0<\/li>\n<li>Expert sp\u00e9cialis\u00e9e en imagerie ost\u00e9o-articulaire\u00a0<\/li>\n<\/ul>\n<\/div>\n<p>[\/et_pb_text][\/et_pb_column][\/et_pb_row][\/et_pb_section]<\/p>\n","protected":false},"excerpt":{"rendered":"<p>Les sp\u00e9cialistes de la prostate \u00e0 ParisQui sont les sp\u00e9cialistes de la prostate \u00e0 Paris ?\u00a0&nbsp; Chef d&rsquo;unit\u00e9 de Radiologie Interventionnelle \u00e0 l&rsquo;H\u00f4pital Am\u00e9ricain de Paris. Ancien interne et chef de clinique des\u00a0h\u00f4pitaux de Paris. M\u00e9daille d&rsquo;or de l&rsquo;internat. Ancien fellow, Harvard Medical School; Fellowhip award. Sp\u00e9cialiste embolisation art\u00e9rielle et veineuse Praticien hospitalier, d\u00e9partement de [&hellip;]<\/p>\n","protected":false},"author":1,"featured_media":0,"parent":0,"menu_order":0,"comment_status":"closed","ping_status":"closed","template":"","meta":{"_et_pb_use_builder":"on","_et_pb_old_content":"","_et_gb_content_width":"","footnotes":""},"class_list":["post-167","page","type-page","status-publish","hentry"],"yoast_head":"<!-- This site is optimized with the Yoast SEO plugin v27.4 - https:\/\/yoast.com\/product\/yoast-seo-wordpress\/ -->\n<title>Sp\u00e9cialistes embolisation de prostate Paris, Ile de France | Dr Antoine Hakime<\/title>\n<meta name=\"description\" content=\"Prenez rendez-vous avec des sp\u00e9cialistes de l&#039;embolisation de la prostate \u00e0 Paris. Docteur Antoine Hakime, Centre d&#039;Embolisation Ad\u00e9nome Prostate.\" \/>\n<meta name=\"robots\" content=\"index, follow, max-snippet:-1, max-image-preview:large, max-video-preview:-1\" \/>\n<link rel=\"canonical\" href=\"https:\/\/adenome-prostate.com\/en\/prostate-embolization-specialist-paris\/\" \/>\n<meta property=\"og:locale\" content=\"en_US\" \/>\n<meta property=\"og:type\" content=\"article\" \/>\n<meta property=\"og:title\" content=\"Sp\u00e9cialistes embolisation de prostate Paris, Ile de France | Dr Antoine Hakime\" \/>\n<meta property=\"og:description\" content=\"Prenez rendez-vous avec des sp\u00e9cialistes de l&#039;embolisation de la prostate \u00e0 Paris. Docteur Antoine Hakime, Centre d&#039;Embolisation Ad\u00e9nome Prostate.\" \/>\n<meta property=\"og:url\" content=\"https:\/\/adenome-prostate.com\/en\/prostate-embolization-specialist-paris\/\" \/>\n<meta property=\"og:site_name\" content=\"Centre Embolisation Prostate\" \/>\n<meta property=\"article:modified_time\" content=\"2026-04-07T09:47:51+00:00\" \/>\n<meta name=\"twitter:card\" content=\"summary_large_image\" \/>\n<meta name=\"twitter:label1\" content=\"Est. reading time\" \/>\n\t<meta name=\"twitter:data1\" content=\"7 minutes\" \/>\n<script type=\"application\/ld+json\" class=\"yoast-schema-graph\">{\"@context\":\"https:\\\/\\\/schema.org\",\"@graph\":[{\"@type\":\"WebPage\",\"@id\":\"https:\\\/\\\/adenome-prostate.com\\\/specialiste-embolisation-prostate-paris\\\/\",\"url\":\"https:\\\/\\\/adenome-prostate.com\\\/specialiste-embolisation-prostate-paris\\\/\",\"name\":\"Sp\u00e9cialistes embolisation de prostate Paris, Ile de France | Dr Antoine Hakime\",\"isPartOf\":{\"@id\":\"https:\\\/\\\/adenome-prostate.com\\\/#website\"},\"datePublished\":\"2018-02-01T15:10:57+00:00\",\"dateModified\":\"2026-04-07T09:47:51+00:00\",\"description\":\"Prenez rendez-vous avec des sp\u00e9cialistes de l'embolisation de la prostate \u00e0 Paris. Docteur Antoine Hakime, Centre d'Embolisation Ad\u00e9nome Prostate.\",\"breadcrumb\":{\"@id\":\"https:\\\/\\\/adenome-prostate.com\\\/specialiste-embolisation-prostate-paris\\\/#breadcrumb\"},\"inLanguage\":\"en-US\",\"potentialAction\":[{\"@type\":\"ReadAction\",\"target\":[\"https:\\\/\\\/adenome-prostate.com\\\/specialiste-embolisation-prostate-paris\\\/\"]}]},{\"@type\":\"BreadcrumbList\",\"@id\":\"https:\\\/\\\/adenome-prostate.com\\\/specialiste-embolisation-prostate-paris\\\/#breadcrumb\",\"itemListElement\":[{\"@type\":\"ListItem\",\"position\":1,\"name\":\"Home\",\"item\":\"https:\\\/\\\/adenome-prostate.com\\\/\"},{\"@type\":\"ListItem\",\"position\":2,\"name\":\"Nos sp\u00e9cialistes\"}]},{\"@type\":\"WebSite\",\"@id\":\"https:\\\/\\\/adenome-prostate.com\\\/#website\",\"url\":\"https:\\\/\\\/adenome-prostate.com\\\/\",\"name\":\"Centre Embolisation Prostate\",\"description\":\"Chirurgie Prostate Th\u00e9rapeutique\",\"publisher\":{\"@id\":\"https:\\\/\\\/adenome-prostate.com\\\/#organization\"},\"potentialAction\":[{\"@type\":\"SearchAction\",\"target\":{\"@type\":\"EntryPoint\",\"urlTemplate\":\"https:\\\/\\\/adenome-prostate.com\\\/?s={search_term_string}\"},\"query-input\":{\"@type\":\"PropertyValueSpecification\",\"valueRequired\":true,\"valueName\":\"search_term_string\"}}],\"inLanguage\":\"en-US\"},{\"@type\":\"Organization\",\"@id\":\"https:\\\/\\\/adenome-prostate.com\\\/#organization\",\"name\":\"Centre d'Embolisation Prostate Paris\",\"url\":\"https:\\\/\\\/adenome-prostate.com\\\/\",\"logo\":{\"@type\":\"ImageObject\",\"inLanguage\":\"en-US\",\"@id\":\"https:\\\/\\\/adenome-prostate.com\\\/#\\\/schema\\\/logo\\\/image\\\/\",\"url\":\"https:\\\/\\\/adenome-prostate.com\\\/wp-content\\\/uploads\\\/2018\\\/06\\\/CEA.png\",\"contentUrl\":\"https:\\\/\\\/adenome-prostate.com\\\/wp-content\\\/uploads\\\/2018\\\/06\\\/CEA.png\",\"width\":450,\"height\":450,\"caption\":\"Centre d'Embolisation Prostate Paris\"},\"image\":{\"@id\":\"https:\\\/\\\/adenome-prostate.com\\\/#\\\/schema\\\/logo\\\/image\\\/\"},\"sameAs\":[\"https:\\\/\\\/www.linkedin.com\\\/company\\\/centre-embolisation-prostate\\\/\"]}]}<\/script>\n<!-- \/ Yoast SEO plugin. -->","yoast_head_json":{"title":"Specialists in prostate embolization Paris, Ile de France | Dr Antoine Hakime","description":"Make an appointment with prostate embolization specialists in Paris. Doctor Antoine Hakime, Prostate Embolization Center.","robots":{"index":"index","follow":"follow","max-snippet":"max-snippet:-1","max-image-preview":"max-image-preview:large","max-video-preview":"max-video-preview:-1"},"canonical":"https:\/\/adenome-prostate.com\/en\/prostate-embolization-specialist-paris\/","og_locale":"en_US","og_type":"article","og_title":"Sp\u00e9cialistes embolisation de prostate Paris, Ile de France | Dr Antoine Hakime","og_description":"Prenez rendez-vous avec des sp\u00e9cialistes de l'embolisation de la prostate \u00e0 Paris. Docteur Antoine Hakime, Centre d'Embolisation Ad\u00e9nome Prostate.","og_url":"https:\/\/adenome-prostate.com\/en\/prostate-embolization-specialist-paris\/","og_site_name":"Centre Embolisation Prostate","article_modified_time":"2026-04-07T09:47:51+00:00","twitter_card":"summary_large_image","twitter_misc":{"Est. reading time":"7 minutes"},"schema":{"@context":"https:\/\/schema.org","@graph":[{"@type":"WebPage","@id":"https:\/\/adenome-prostate.com\/specialiste-embolisation-prostate-paris\/","url":"https:\/\/adenome-prostate.com\/specialiste-embolisation-prostate-paris\/","name":"Specialists in prostate embolization Paris, Ile de France | Dr Antoine Hakime","isPartOf":{"@id":"https:\/\/adenome-prostate.com\/#website"},"datePublished":"2018-02-01T15:10:57+00:00","dateModified":"2026-04-07T09:47:51+00:00","description":"Make an appointment with prostate embolization specialists in Paris. Doctor Antoine Hakime, Prostate Embolization Center.","breadcrumb":{"@id":"https:\/\/adenome-prostate.com\/specialiste-embolisation-prostate-paris\/#breadcrumb"},"inLanguage":"en-US","potentialAction":[{"@type":"ReadAction","target":["https:\/\/adenome-prostate.com\/specialiste-embolisation-prostate-paris\/"]}]},{"@type":"BreadcrumbList","@id":"https:\/\/adenome-prostate.com\/specialiste-embolisation-prostate-paris\/#breadcrumb","itemListElement":[{"@type":"ListItem","position":1,"name":"Home","item":"https:\/\/adenome-prostate.com\/"},{"@type":"ListItem","position":2,"name":"Nos sp\u00e9cialistes"}]},{"@type":"WebSite","@id":"https:\/\/adenome-prostate.com\/#website","url":"https:\/\/adenome-prostate.com\/","name":"Prostate Embolization Center","description":"Therapeutic Prostate Surgery","publisher":{"@id":"https:\/\/adenome-prostate.com\/#organization"},"potentialAction":[{"@type":"SearchAction","target":{"@type":"EntryPoint","urlTemplate":"https:\/\/adenome-prostate.com\/?s={search_term_string}"},"query-input":{"@type":"PropertyValueSpecification","valueRequired":true,"valueName":"search_term_string"}}],"inLanguage":"en-US"},{"@type":"Organization","@id":"https:\/\/adenome-prostate.com\/#organization","name":"Prostate Embolization Center Paris","url":"https:\/\/adenome-prostate.com\/","logo":{"@type":"ImageObject","inLanguage":"en-US","@id":"https:\/\/adenome-prostate.com\/#\/schema\/logo\/image\/","url":"https:\/\/adenome-prostate.com\/wp-content\/uploads\/2018\/06\/CEA.png","contentUrl":"https:\/\/adenome-prostate.com\/wp-content\/uploads\/2018\/06\/CEA.png","width":450,"height":450,"caption":"Centre d'Embolisation Prostate Paris"},"image":{"@id":"https:\/\/adenome-prostate.com\/#\/schema\/logo\/image\/"},"sameAs":["https:\/\/www.linkedin.com\/company\/centre-embolisation-prostate\/"]}]}},"_links":{"self":[{"href":"https:\/\/adenome-prostate.com\/en\/wp-json\/wp\/v2\/pages\/167","targetHints":{"allow":["GET"]}}],"collection":[{"href":"https:\/\/adenome-prostate.com\/en\/wp-json\/wp\/v2\/pages"}],"about":[{"href":"https:\/\/adenome-prostate.com\/en\/wp-json\/wp\/v2\/types\/page"}],"author":[{"embeddable":true,"href":"https:\/\/adenome-prostate.com\/en\/wp-json\/wp\/v2\/users\/1"}],"replies":[{"embeddable":true,"href":"https:\/\/adenome-prostate.com\/en\/wp-json\/wp\/v2\/comments?post=167"}],"version-history":[{"count":2,"href":"https:\/\/adenome-prostate.com\/en\/wp-json\/wp\/v2\/pages\/167\/revisions"}],"predecessor-version":[{"id":3756,"href":"https:\/\/adenome-prostate.com\/en\/wp-json\/wp\/v2\/pages\/167\/revisions\/3756"}],"wp:attachment":[{"href":"https:\/\/adenome-prostate.com\/en\/wp-json\/wp\/v2\/media?parent=167"}],"curies":[{"name":"wp","href":"https:\/\/api.w.org\/{rel}","templated":true}]}}