{"id":1757,"date":"2020-05-25T21:51:02","date_gmt":"2020-05-25T21:51:02","guid":{"rendered":"https:\/\/adenome-prostate.com\/?page_id=1757"},"modified":"2024-11-07T11:55:53","modified_gmt":"2024-11-07T11:55:53","slug":"international-prostate","status":"publish","type":"page","link":"https:\/\/adenome-prostate.com\/en\/internationale-prostate\/","title":{"rendered":"International"},"content":{"rendered":"<p>[et_pb_section fb_built=\u00a0\u00bb1&Prime; make_equal=\u00a0\u00bbon\u00a0\u00bb use_custom_gutter=\u00a0\u00bbon\u00a0\u00bb gutter_width=\u00a0\u00bb1&Prime; specialty=\u00a0\u00bbon\u00a0\u00bb background_color_1=\u00a0\u00bbrgba(0,11,48,0.82)\u00a0\u00bb padding_right_1=\u00a0\u00bb0px\u00a0\u00bb padding_bottom_1=\u00a0\u00bb0px\u00a0\u00bb padding_bottom_2=\u00a0\u00bb0px\u00a0\u00bb padding_left_1=\u00a0\u00bb0px\u00a0\u00bb padding_left_2=\u00a0\u00bb0px\u00a0\u00bb padding_top_bottom_link_1=\u00a0\u00bbfalse\u00a0\u00bb padding_top_bottom_link_2=\u00a0\u00bbfalse\u00a0\u00bb padding_left_right_link_1=\u00a0\u00bbfalse\u00a0\u00bb padding_left_right_link_2=\u00a0\u00bbfalse\u00a0\u00bb admin_label=\u00a0\u00bbHeader\u00a0\u00bb _builder_version=\u00a0\u00bb4.27.2&Prime; _module_preset=\u00a0\u00bbdefault\u00a0\u00bb inner_width=\u00a0\u00bb66%\u00a0\u00bb inner_width_tablet=\u00a0\u00bb66%\u00a0\u00bb inner_width_phone=\u00a0\u00bb100%\u00a0\u00bb inner_width_last_edited=\u00a0\u00bbon|phone\u00a0\u00bb inner_max_width=\u00a0\u00bb1500px\u00a0\u00bb custom_padding=\u00a0\u00bb0px||0px|0px|true|false\u00a0\u00bb border_color_all=\u00a0\u00bb#0E2D41&Prime; border_width_bottom=\u00a0\u00bb2px\u00a0\u00bb locked=\u00a0\u00bboff\u00a0\u00bb collapsed=\u00a0\u00bbon\u00a0\u00bb global_colors_info=\u00a0\u00bb{}\u00a0\u00bb][et_pb_column type=\u00a0\u00bb1_2&Prime; _builder_version=\u00a0\u00bb4.16&Prime; _module_preset=\u00a0\u00bbdefault\u00a0\u00bb custom_padding=\u00a0\u00bb|||\u00a0\u00bb global_colors_info=\u00a0\u00bb{}\u00a0\u00bb custom_padding__hover=\u00a0\u00bb|||\u00a0\u00bb][et_pb_divider show_divider=\u00a0\u00bboff\u00a0\u00bb disabled_on=\u00a0\u00bbon|off|off\u00a0\u00bb _builder_version=\u00a0\u00bb4.27.2&Prime; _module_preset=\u00a0\u00bbdefault\u00a0\u00bb height_tablet=\u00a0\u00bb40vw\u00a0\u00bb height_phone=\u00a0\u00bb40vw\u00a0\u00bb height_last_edited=\u00a0\u00bbon|desktop\u00a0\u00bb locked=\u00a0\u00bboff\u00a0\u00bb global_colors_info=\u00a0\u00bb{}\u00a0\u00bb][\/et_pb_divider][\/et_pb_column][et_pb_column type=\u00a0\u00bb1_2&Prime; specialty_columns=\u00a0\u00bb2&Prime; _builder_version=\u00a0\u00bb4.16&Prime; _module_preset=\u00a0\u00bbdefault\u00a0\u00bb custom_padding=\u00a0\u00bb|||\u00a0\u00bb global_colors_info=\u00a0\u00bb{}\u00a0\u00bb custom_padding__hover=\u00a0\u00bb|||\u00a0\u00bb][et_pb_row_inner _builder_version=\u00a0\u00bb4.19.3&Prime; _module_preset=\u00a0\u00bbdefault\u00a0\u00bb custom_padding=\u00a0\u00bb6%|6%|6%|6%|true|true\u00a0\u00bb border_color_all=\u00a0\u00bb#0E2D41&Prime; border_width_left=\u00a0\u00bb2px\u00a0\u00bb global_colors_info=\u00a0\u00bb{}\u00a0\u00bb][et_pb_column_inner saved_specialty_column_type=\u00a0\u00bb1_2&Prime; _builder_version=\u00a0\u00bb4.19.3&Prime; _module_preset=\u00a0\u00bbdefault\u00a0\u00bb global_colors_info=\u00a0\u00bb{}\u00a0\u00bb][et_pb_text _builder_version=\u00a0\u00bb4.27.2&Prime; _module_preset=\u00a0\u00bb86046e7e-b995-487a-999f-a9fb0fcb792a\u00a0\u00bb header_font=\u00a0\u00bb|600|||||||\u00a0\u00bb header_font_size=\u00a0\u00bb47px\u00a0\u00bb global_colors_info=\u00a0\u00bb{}\u00a0\u00bb]<\/p>\n<h1>Traitement de la prostate : internationale<\/h1>\n<p>[\/et_pb_text][\/et_pb_column_inner][\/et_pb_row_inner][et_pb_row_inner _builder_version=\u00a0\u00bb4.27.2&Prime; _module_preset=\u00a0\u00bbdefault\u00a0\u00bb background_color=\u00a0\u00bb#a1aec9&Prime; custom_padding=\u00a0\u00bb6%|6%|23px|6%|false|true\u00a0\u00bb border_width_all=\u00a0\u00bb2px\u00a0\u00bb border_color_all=\u00a0\u00bb#0E2D41&Prime; border_width_bottom=\u00a0\u00bb0px\u00a0\u00bb global_colors_info=\u00a0\u00bb{%22gcid-c7a91ef9-8f2c-4a77-860c-352ffa80795b%22:%91%22background_color%22%93}\u00a0\u00bb][et_pb_column_inner saved_specialty_column_type=\u00a0\u00bb1_2&Prime; _builder_version=\u00a0\u00bb4.19.3&Prime; _module_preset=\u00a0\u00bbdefault\u00a0\u00bb global_colors_info=\u00a0\u00bb{}\u00a0\u00bb][et_pb_text _builder_version=\u00a0\u00bb4.27.2&Prime; _module_preset=\u00a0\u00bbddea08ea-5343-484c-80ce-efbbcadb0ab3&Prime; text_font=\u00a0\u00bb||||||||\u00a0\u00bb text_text_color=\u00a0\u00bb#000000&Prime; text_font_size=\u00a0\u00bb16px\u00a0\u00bb custom_margin=\u00a0\u00bb||20px||false|false\u00a0\u00bb global_colors_info=\u00a0\u00bb{}\u00a0\u00bb]<\/p>\n<p>Le Centre d&#8217;embolisation de la Prostate Paris \u00e0 mis en place un syst\u00e8me efficace pour les patients venant de l\u2019\u00e9tranger afin de faciliter leur prise en charge. En une semaine, le patient fera sa consultation, son diagnostic et enfin l\u2019embolisation prostatique.<\/p>\n<p>[\/et_pb_text][et_pb_button button_url=\u00a0\u00bbhttps:\/\/adenome-prostate.com\/nouveau-traitement-hypertrophie-benigne-prostate\/\u00a0\u00bb button_text=\u00a0\u00bbTraitement de la prostate\u00a0\u00bb button_alignment_tablet=\u00a0\u00bb\u00a0\u00bb button_alignment_phone=\u00a0\u00bbcenter\u00a0\u00bb button_alignment_last_edited=\u00a0\u00bbon|phone\u00a0\u00bb _builder_version=\u00a0\u00bb4.27.2&Prime; _module_preset=\u00a0\u00bb518a17de-657b-4d13-83e1-1b96aef04ec7&Prime; button_text_size=\u00a0\u00bb12px\u00a0\u00bb button_font=\u00a0\u00bb|700||on|||||\u00a0\u00bb custom_padding=\u00a0\u00bb13px|30px|13px|30px|true|true\u00a0\u00bb locked=\u00a0\u00bboff\u00a0\u00bb global_colors_info=\u00a0\u00bb{}\u00a0\u00bb][\/et_pb_button][\/et_pb_column_inner][\/et_pb_row_inner][\/et_pb_column][\/et_pb_section][et_pb_section fb_built=\u00a0\u00bb1&Prime; admin_label=\u00a0\u00bbCall to Action\u00a0\u00bb _builder_version=\u00a0\u00bb4.19.3&Prime; _module_preset=\u00a0\u00bbdefault\u00a0\u00bb collapsed=\u00a0\u00bbon\u00a0\u00bb global_colors_info=\u00a0\u00bb{}\u00a0\u00bb][et_pb_row column_structure=\u00a0\u00bb1_2,1_2&Prime; _builder_version=\u00a0\u00bb4.27.2&Prime; _module_preset=\u00a0\u00bbdefault\u00a0\u00bb width=\u00a0\u00bb69%\u00a0\u00bb width_tablet=\u00a0\u00bb\u00a0\u00bb width_phone=\u00a0\u00bb100%\u00a0\u00bb width_last_edited=\u00a0\u00bbon|phone\u00a0\u00bb max_width=\u00a0\u00bb100%\u00a0\u00bb max_width_tablet=\u00a0\u00bb\u00a0\u00bb max_width_phone=\u00a0\u00bb100%\u00a0\u00bb max_width_last_edited=\u00a0\u00bbon|phone\u00a0\u00bb custom_margin=\u00a0\u00bb-17px|auto||auto||\u00a0\u00bb custom_padding=\u00a0\u00bb12px|25px|12px|25px|true|true\u00a0\u00bb global_colors_info=\u00a0\u00bb{}\u00a0\u00bb][et_pb_column type=\u00a0\u00bb1_2&Prime; _builder_version=\u00a0\u00bb4.19.3&Prime; _module_preset=\u00a0\u00bbdefault\u00a0\u00bb custom_padding=\u00a0\u00bb4%||||false|false\u00a0\u00bb custom_padding_tablet=\u00a0\u00bb0%||||false|false\u00a0\u00bb custom_padding_phone=\u00a0\u00bb0%||||false|false\u00a0\u00bb custom_padding_last_edited=\u00a0\u00bbon|desktop\u00a0\u00bb global_colors_info=\u00a0\u00bb{}\u00a0\u00bb][et_pb_text _builder_version=\u00a0\u00bb4.27.2&Prime; _module_preset=\u00a0\u00bbeac166f7-88f4-4d30-bb9d-39684964f609&Prime; text_font=\u00a0\u00bb||||||||\u00a0\u00bb text_text_color=\u00a0\u00bbRGBA(0,11,48,0.82)\u00a0\u00bb text_line_height=\u00a0\u00bb1.7em\u00a0\u00bb header_2_font=\u00a0\u00bb|600|||||||\u00a0\u00bb header_2_text_color=\u00a0\u00bbRGBA(0,11,48,0.82)\u00a0\u00bb header_2_font_size=\u00a0\u00bb39px\u00a0\u00bb header_2_line_height=\u00a0\u00bb1.2em\u00a0\u00bb global_colors_info=\u00a0\u00bb{}\u00a0\u00bb]<\/p>\n<h2>Le concept du programme ONE WEEK PROSTATE<\/h2>\n<p>Le Centre de la prostate \u00e0 Paris propose un programme unique sp\u00e9cialement con\u00e7u pour les expatri\u00e9s, d&rsquo;une dur\u00e9e d&rsquo;une semaine. Ce programme sp\u00e9cialis\u00e9 inclut des diagnostics complets, des consultations personnalis\u00e9es et se termine par une intervention chirurgicale mini-invasive. D\u00e8s leur arriv\u00e9e, les patients sont accueillis par une \u00e9quipe de sp\u00e9cialistes de renomm\u00e9e internationale, dot\u00e9s des technologies de pointe, garantissant ainsi un niveau de soin exceptionnel. Cette initiative r\u00e9pond non seulement \u00e0 leurs besoins m\u00e9dicaux imm\u00e9diats, mais offre \u00e9galement une exp\u00e9rience de soins fluide et efficace au c\u0153ur de l\u2019une des villes les plus prestigieuses du monde.<\/p>\n<p>[\/et_pb_text][et_pb_button button_url=\u00a0\u00bbhttps:\/\/adenome-prostate.com\/nouveau-traitement-hypertrophie-benigne-prostate\/\u00a0\u00bb button_text=\u00a0\u00bbEmbolisation de la prostate : la technique\u00a0\u00bb button_alignment=\u00a0\u00bbright\u00a0\u00bb button_alignment_tablet=\u00a0\u00bbright\u00a0\u00bb button_alignment_phone=\u00a0\u00bbcenter\u00a0\u00bb button_alignment_last_edited=\u00a0\u00bbon|phone\u00a0\u00bb _builder_version=\u00a0\u00bb4.27.2&Prime; _module_preset=\u00a0\u00bb518a17de-657b-4d13-83e1-1b96aef04ec7&Prime; button_text_size=\u00a0\u00bb12px\u00a0\u00bb button_font=\u00a0\u00bb|700||on|||||\u00a0\u00bb custom_padding=\u00a0\u00bb13px|30px|13px|30px|true|true\u00a0\u00bb locked=\u00a0\u00bboff\u00a0\u00bb global_colors_info=\u00a0\u00bb{}\u00a0\u00bb][\/et_pb_button][et_pb_button button_url=\u00a0\u00bbhttps:\/\/adenome-prostate.com\/contact\/\u00a0\u00bb button_text=\u00a0\u00bbPRENDRE RENDEZ-VOUS\u00a0\u00bb button_alignment=\u00a0\u00bbright\u00a0\u00bb button_alignment_tablet=\u00a0\u00bbright\u00a0\u00bb button_alignment_phone=\u00a0\u00bbcenter\u00a0\u00bb button_alignment_last_edited=\u00a0\u00bbon|phone\u00a0\u00bb _builder_version=\u00a0\u00bb4.27.2&Prime; _module_preset=\u00a0\u00bb518a17de-657b-4d13-83e1-1b96aef04ec7&Prime; button_text_size=\u00a0\u00bb12px\u00a0\u00bb button_font=\u00a0\u00bb|700||on|||||\u00a0\u00bb custom_padding=\u00a0\u00bb13px|30px|13px|30px|true|true\u00a0\u00bb locked=\u00a0\u00bboff\u00a0\u00bb global_colors_info=\u00a0\u00bb{}\u00a0\u00bb][\/et_pb_button][\/et_pb_column][et_pb_column type=\u00a0\u00bb1_2&Prime; _builder_version=\u00a0\u00bb4.19.3&Prime; _module_preset=\u00a0\u00bbdefault\u00a0\u00bb global_colors_info=\u00a0\u00bb{}\u00a0\u00bb][et_pb_video src=\u00a0\u00bbhttps:\/\/youtu.be\/k0N2G7Gcp-4&Prime; image_src=\u00a0\u00bbhttps:\/\/adenome-prostate.com\/wp-content\/uploads\/2018\/12\/salle-dop.jpg\u00a0\u00bb _builder_version=\u00a0\u00bb4.16&Prime; custom_margin=\u00a0\u00bb41px|||||\u00a0\u00bb custom_padding=\u00a0\u00bb|43px|||false|false\u00a0\u00bb global_colors_info=\u00a0\u00bb{}\u00a0\u00bb button_icon_last_edited=\u00a0\u00bbon|desktop\u00a0\u00bb button_text_size_phone=\u00a0\u00bb17px\u00a0\u00bb button_text_size_last_edited=\u00a0\u00bbon|phone\u00a0\u00bb button_icon_tablet=\u00a0\u00bb=||divi||400&Prime; button_icon_phone=\u00a0\u00bb=||divi||400&Prime;][\/et_pb_video][et_pb_text _builder_version=\u00a0\u00bb4.27.2&Prime; text_font=\u00a0\u00bb&#8211;et_global_heading_font||||||||\u00a0\u00bb text_text_color=\u00a0\u00bb#000000&Prime; custom_margin=\u00a0\u00bb-23px||9px|||\u00a0\u00bb custom_padding=\u00a0\u00bb||21px|||\u00a0\u00bb global_colors_info=\u00a0\u00bb{}\u00a0\u00bb]<\/p>\n<p><em>Vid\u00e9o sur l&rsquo;<strong>embolisation de la prostate<\/strong><\/em><\/p>\n<p>[\/et_pb_text][\/et_pb_column][\/et_pb_row][\/et_pb_section][et_pb_section fb_built=\u00a0\u00bb1&Prime; _builder_version=\u00a0\u00bb4.27.2&Prime; _module_preset=\u00a0\u00bbdefault\u00a0\u00bb background_color=\u00a0\u00bbrgba(0,11,48,0.82)\u00a0\u00bb background_enable_image=\u00a0\u00bboff\u00a0\u00bb global_colors_info=\u00a0\u00bb{}\u00a0\u00bb][et_pb_row custom_padding_last_edited=\u00a0\u00bbon|tablet\u00a0\u00bb _builder_version=\u00a0\u00bb4.27.2&Prime; _module_preset=\u00a0\u00bbdefault\u00a0\u00bb background_enable_color=\u00a0\u00bboff\u00a0\u00bb width=\u00a0\u00bb69%\u00a0\u00bb width_tablet=\u00a0\u00bb\u00a0\u00bb width_phone=\u00a0\u00bb100%\u00a0\u00bb width_last_edited=\u00a0\u00bbon|phone\u00a0\u00bb max_width=\u00a0\u00bb100%\u00a0\u00bb max_width_tablet=\u00a0\u00bb100%\u00a0\u00bb max_width_phone=\u00a0\u00bb100%\u00a0\u00bb max_width_last_edited=\u00a0\u00bbon|phone\u00a0\u00bb custom_margin=\u00a0\u00bb|auto|2px|auto|false|false\u00a0\u00bb custom_padding=\u00a0\u00bb23px|0px|23px|0px|true|true\u00a0\u00bb custom_padding_tablet=\u00a0\u00bb30px|30px|30px|30px|true|true\u00a0\u00bb custom_padding_phone=\u00a0\u00bb20px|20px|20px|20px|true|true\u00a0\u00bb global_colors_info=\u00a0\u00bb{%22gcid-a7422b2f-47f3-46f2-9b9e-dc87bab6d79c%22:%91%22background_color%22%93}\u00a0\u00bb][et_pb_column type=\u00a0\u00bb4_4&Prime; _builder_version=\u00a0\u00bb4.19.3&Prime; _module_preset=\u00a0\u00bbdefault\u00a0\u00bb global_colors_info=\u00a0\u00bb{}\u00a0\u00bb][et_pb_text _builder_version=\u00a0\u00bb4.27.2&Prime; text_font=\u00a0\u00bb||||||||\u00a0\u00bb text_text_color=\u00a0\u00bbRGBA(0,11,48,0.82)\u00a0\u00bb text_font_size=\u00a0\u00bb16px\u00a0\u00bb header_2_font=\u00a0\u00bb|600|||||||\u00a0\u00bb header_2_text_color=\u00a0\u00bb#FFFFFF\u00a0\u00bb header_2_font_size=\u00a0\u00bb39px\u00a0\u00bb header_2_line_height=\u00a0\u00bb1.2em\u00a0\u00bb custom_padding=\u00a0\u00bb0px|||||\u00a0\u00bb hover_enabled=\u00a0\u00bb0&Prime; global_colors_info=\u00a0\u00bb{}\u00a0\u00bb custom_margin=\u00a0\u00bb|||12px|false|false\u00a0\u00bb sticky_enabled=\u00a0\u00bb0&Prime;]<\/p>\n<h2><span>ONE WEEK PROSTATE<\/span><\/h2>\n<p>[\/et_pb_text][\/et_pb_column][\/et_pb_row][et_pb_row column_structure=\u00a0\u00bb1_2,1_2&Prime; _builder_version=\u00a0\u00bb4.27.2&Prime; width=\u00a0\u00bb70%\u00a0\u00bb max_width=\u00a0\u00bb100%\u00a0\u00bb custom_padding=\u00a0\u00bb34px|||||\u00a0\u00bb global_colors_info=\u00a0\u00bb{}\u00a0\u00bb][et_pb_column type=\u00a0\u00bb1_2&Prime; _builder_version=\u00a0\u00bb4.27.2&Prime; border_width_right=\u00a0\u00bb2px\u00a0\u00bb border_color_right=\u00a0\u00bb#00FFCC\u00a0\u00bb global_colors_info=\u00a0\u00bb{}\u00a0\u00bb][et_pb_text _builder_version=\u00a0\u00bb4.27.2&Prime; text_text_color=\u00a0\u00bb#FFFFFF\u00a0\u00bb text_font_size=\u00a0\u00bb16px\u00a0\u00bb header_text_color=\u00a0\u00bb#FFFFFF\u00a0\u00bb header_2_font=\u00a0\u00bb|600|||||||\u00a0\u00bb header_2_text_color=\u00a0\u00bb#FFFFFF\u00a0\u00bb header_3_font=\u00a0\u00bb&#8211;et_global_heading_font|600|||||||\u00a0\u00bb header_3_text_color=\u00a0\u00bb#00FFCC\u00a0\u00bb header_4_text_color=\u00a0\u00bb#00FFCC\u00a0\u00bb custom_padding=\u00a0\u00bb|25px||25px|false|true\u00a0\u00bb global_colors_info=\u00a0\u00bb{}\u00a0\u00bb]<\/p>\n<h3>1. Consultation pour la prostate<\/h3>\n<p>Le patient vient pour sa consultation avec un m\u00e9decin sp\u00e9cialiste du groupe. Ce dernier lui expliquera toute la proc\u00e9dure et r\u00e9pondra \u00e0 toutes vos questions<\/p>\n<p><em>Dur\u00e9e: 30 mins<\/em><\/p>\n<p>[\/et_pb_text][\/et_pb_column][et_pb_column type=\u00a0\u00bb1_2&Prime; _builder_version=\u00a0\u00bb4.16&Prime; global_colors_info=\u00a0\u00bb{}\u00a0\u00bb][et_pb_text _builder_version=\u00a0\u00bb4.24.2&Prime; text_text_color=\u00a0\u00bb#FFFFFF\u00a0\u00bb text_font_size=\u00a0\u00bb16px\u00a0\u00bb header_text_color=\u00a0\u00bb#FFFFFF\u00a0\u00bb header_2_font=\u00a0\u00bb|600|||||||\u00a0\u00bb header_2_text_color=\u00a0\u00bb#FFFFFF\u00a0\u00bb header_3_font=\u00a0\u00bb&#8211;et_global_heading_font|600|||||||\u00a0\u00bb header_3_text_color=\u00a0\u00bb#00FFCC\u00a0\u00bb header_4_text_color=\u00a0\u00bb#00FFCC\u00a0\u00bb custom_padding=\u00a0\u00bb|25px||25px|false|true\u00a0\u00bb global_colors_info=\u00a0\u00bb{}\u00a0\u00bb]<\/p>\n<h3>2. Analyses<\/h3>\n<p>Un bilan sanguin vous sera demand\u00e9 48h avant l\u2019intervention<\/p>\n<p><em>Dur\u00e9e: 20 mins<\/em><\/p>\n<p>[\/et_pb_text][\/et_pb_column][\/et_pb_row][et_pb_row column_structure=\u00a0\u00bb1_2,1_2&Prime; _builder_version=\u00a0\u00bb4.27.2&Prime; width=\u00a0\u00bb70%\u00a0\u00bb max_width=\u00a0\u00bb100%\u00a0\u00bb custom_padding=\u00a0\u00bb34px|||||\u00a0\u00bb global_colors_info=\u00a0\u00bb{}\u00a0\u00bb][et_pb_column type=\u00a0\u00bb1_2&Prime; _builder_version=\u00a0\u00bb4.27.2&Prime; border_width_right=\u00a0\u00bb2px\u00a0\u00bb border_color_right=\u00a0\u00bb#00FFCC\u00a0\u00bb global_colors_info=\u00a0\u00bb{}\u00a0\u00bb][et_pb_text _builder_version=\u00a0\u00bb4.27.2&Prime; text_text_color=\u00a0\u00bb#FFFFFF\u00a0\u00bb text_font_size=\u00a0\u00bb16px\u00a0\u00bb header_text_color=\u00a0\u00bb#FFFFFF\u00a0\u00bb header_2_font=\u00a0\u00bb|600|||||||\u00a0\u00bb header_2_text_color=\u00a0\u00bb#FFFFFF\u00a0\u00bb header_3_font=\u00a0\u00bb&#8211;et_global_heading_font|600|||||||\u00a0\u00bb header_3_text_color=\u00a0\u00bb#00FFCC\u00a0\u00bb header_4_text_color=\u00a0\u00bb#00FFCC\u00a0\u00bb custom_padding=\u00a0\u00bb|25px||25px|false|true\u00a0\u00bb global_colors_info=\u00a0\u00bb{}\u00a0\u00bb]<\/p>\n<h3>3. Examen d&rsquo;imagerie m\u00e9dicale<\/h3>\n<p><span>Un scanner des art\u00e8res prostatique sera fait dans nos centres r\u00e9f\u00e9rents, les images seront trait\u00e9s par le sp\u00e9cialiste qui fera l\u2019intervention<\/span><\/p>\n<p><em>Dur\u00e9e: 60 mins<\/em><\/p>\n<p>[\/et_pb_text][\/et_pb_column][et_pb_column type=\u00a0\u00bb1_2&Prime; _builder_version=\u00a0\u00bb4.16&Prime; global_colors_info=\u00a0\u00bb{}\u00a0\u00bb][et_pb_text _builder_version=\u00a0\u00bb4.24.2&Prime; text_text_color=\u00a0\u00bb#FFFFFF\u00a0\u00bb text_font_size=\u00a0\u00bb16px\u00a0\u00bb header_text_color=\u00a0\u00bb#FFFFFF\u00a0\u00bb header_2_font=\u00a0\u00bb|600|||||||\u00a0\u00bb header_2_text_color=\u00a0\u00bb#FFFFFF\u00a0\u00bb header_3_font=\u00a0\u00bb&#8211;et_global_heading_font|600|||||||\u00a0\u00bb header_3_text_color=\u00a0\u00bb#00FFCC\u00a0\u00bb header_4_text_color=\u00a0\u00bb#00FFCC\u00a0\u00bb custom_padding=\u00a0\u00bb|25px||25px|false|true\u00a0\u00bb global_colors_info=\u00a0\u00bb{}\u00a0\u00bb]<\/p>\n<h3>4.Embolisation<\/h3>\n<p>L\u2019embolisation sera faite t\u00f4t le matin, vous rentrez chez vous dans l\u2019apr\u00e8s-midi.<\/p>\n<p><em>Dur\u00e9e: 120 mins<\/em><\/p>\n<p>[\/et_pb_text][\/et_pb_column][\/et_pb_row][\/et_pb_section]<\/p>\n","protected":false},"excerpt":{"rendered":"<p>Traitement de la prostate : internationaleLe Centre d&#8217;embolisation de la Prostate Paris \u00e0 mis en place un syst\u00e8me efficace pour les patients venant de l\u2019\u00e9tranger afin de faciliter leur prise en charge. En une semaine, le patient fera sa consultation, son diagnostic et enfin l\u2019embolisation prostatique.Le concept du programme ONE WEEK PROSTATE Le Centre de [&hellip;]<\/p>\n","protected":false},"author":1,"featured_media":0,"parent":0,"menu_order":0,"comment_status":"closed","ping_status":"closed","template":"","meta":{"_et_pb_use_builder":"on","_et_pb_old_content":"","_et_gb_content_width":"","footnotes":""},"class_list":["post-1757","page","type-page","status-publish","hentry"],"yoast_head":"<!-- This site is optimized with the Yoast SEO plugin v27.4 - https:\/\/yoast.com\/product\/yoast-seo-wordpress\/ -->\n<title>Internationale - Centre Embolisation Prostate<\/title>\n<meta name=\"robots\" content=\"index, follow, max-snippet:-1, max-image-preview:large, max-video-preview:-1\" \/>\n<link rel=\"canonical\" href=\"https:\/\/adenome-prostate.com\/en\/international-prostate\/\" \/>\n<meta property=\"og:locale\" content=\"en_US\" \/>\n<meta property=\"og:type\" content=\"article\" \/>\n<meta property=\"og:title\" content=\"Internationale - Centre Embolisation Prostate\" \/>\n<meta property=\"og:description\" content=\"Traitement de la prostate : internationaleLe Centre d&#039;embolisation de la Prostate Paris \u00e0 mis en place un syst\u00e8me efficace pour les patients venant de l\u2019\u00e9tranger afin de faciliter leur prise en charge. En une semaine, le patient fera sa consultation, son diagnostic et enfin l\u2019embolisation prostatique.Le concept du programme ONE WEEK PROSTATE Le Centre de [&hellip;]\" \/>\n<meta property=\"og:url\" content=\"https:\/\/adenome-prostate.com\/en\/international-prostate\/\" \/>\n<meta property=\"og:site_name\" content=\"Centre Embolisation Prostate\" \/>\n<meta property=\"article:modified_time\" content=\"2024-11-07T11:55:53+00:00\" \/>\n<meta name=\"twitter:card\" content=\"summary_large_image\" \/>\n<meta name=\"twitter:label1\" content=\"Est. reading time\" \/>\n\t<meta name=\"twitter:data1\" content=\"8 minutes\" \/>\n<script type=\"application\/ld+json\" class=\"yoast-schema-graph\">{\"@context\":\"https:\\\/\\\/schema.org\",\"@graph\":[{\"@type\":\"WebPage\",\"@id\":\"https:\\\/\\\/adenome-prostate.com\\\/internationale-prostate\\\/\",\"url\":\"https:\\\/\\\/adenome-prostate.com\\\/internationale-prostate\\\/\",\"name\":\"Internationale - Centre Embolisation Prostate\",\"isPartOf\":{\"@id\":\"https:\\\/\\\/adenome-prostate.com\\\/#website\"},\"datePublished\":\"2020-05-25T21:51:02+00:00\",\"dateModified\":\"2024-11-07T11:55:53+00:00\",\"breadcrumb\":{\"@id\":\"https:\\\/\\\/adenome-prostate.com\\\/internationale-prostate\\\/#breadcrumb\"},\"inLanguage\":\"en-US\",\"potentialAction\":[{\"@type\":\"ReadAction\",\"target\":[\"https:\\\/\\\/adenome-prostate.com\\\/internationale-prostate\\\/\"]}]},{\"@type\":\"BreadcrumbList\",\"@id\":\"https:\\\/\\\/adenome-prostate.com\\\/internationale-prostate\\\/#breadcrumb\",\"itemListElement\":[{\"@type\":\"ListItem\",\"position\":1,\"name\":\"Home\",\"item\":\"https:\\\/\\\/adenome-prostate.com\\\/\"},{\"@type\":\"ListItem\",\"position\":2,\"name\":\"Internationale\"}]},{\"@type\":\"WebSite\",\"@id\":\"https:\\\/\\\/adenome-prostate.com\\\/#website\",\"url\":\"https:\\\/\\\/adenome-prostate.com\\\/\",\"name\":\"Centre Embolisation Prostate\",\"description\":\"Chirurgie Prostate Th\u00e9rapeutique\",\"publisher\":{\"@id\":\"https:\\\/\\\/adenome-prostate.com\\\/#organization\"},\"potentialAction\":[{\"@type\":\"SearchAction\",\"target\":{\"@type\":\"EntryPoint\",\"urlTemplate\":\"https:\\\/\\\/adenome-prostate.com\\\/?s={search_term_string}\"},\"query-input\":{\"@type\":\"PropertyValueSpecification\",\"valueRequired\":true,\"valueName\":\"search_term_string\"}}],\"inLanguage\":\"en-US\"},{\"@type\":\"Organization\",\"@id\":\"https:\\\/\\\/adenome-prostate.com\\\/#organization\",\"name\":\"Centre d'Embolisation Prostate Paris\",\"url\":\"https:\\\/\\\/adenome-prostate.com\\\/\",\"logo\":{\"@type\":\"ImageObject\",\"inLanguage\":\"en-US\",\"@id\":\"https:\\\/\\\/adenome-prostate.com\\\/#\\\/schema\\\/logo\\\/image\\\/\",\"url\":\"https:\\\/\\\/adenome-prostate.com\\\/wp-content\\\/uploads\\\/2018\\\/06\\\/CEA.png\",\"contentUrl\":\"https:\\\/\\\/adenome-prostate.com\\\/wp-content\\\/uploads\\\/2018\\\/06\\\/CEA.png\",\"width\":450,\"height\":450,\"caption\":\"Centre d'Embolisation Prostate Paris\"},\"image\":{\"@id\":\"https:\\\/\\\/adenome-prostate.com\\\/#\\\/schema\\\/logo\\\/image\\\/\"},\"sameAs\":[\"https:\\\/\\\/www.linkedin.com\\\/company\\\/centre-embolisation-prostate\\\/\"]}]}<\/script>\n<!-- \/ Yoast SEO plugin. -->","yoast_head_json":{"title":"Internationale - Prostate Embolization Center","robots":{"index":"index","follow":"follow","max-snippet":"max-snippet:-1","max-image-preview":"max-image-preview:large","max-video-preview":"max-video-preview:-1"},"canonical":"https:\/\/adenome-prostate.com\/en\/international-prostate\/","og_locale":"en_US","og_type":"article","og_title":"Internationale - Centre Embolisation Prostate","og_description":"Traitement de la prostate : internationaleLe Centre d'embolisation de la Prostate Paris \u00e0 mis en place un syst\u00e8me efficace pour les patients venant de l\u2019\u00e9tranger afin de faciliter leur prise en charge. En une semaine, le patient fera sa consultation, son diagnostic et enfin l\u2019embolisation prostatique.Le concept du programme ONE WEEK PROSTATE Le Centre de [&hellip;]","og_url":"https:\/\/adenome-prostate.com\/en\/international-prostate\/","og_site_name":"Centre Embolisation Prostate","article_modified_time":"2024-11-07T11:55:53+00:00","twitter_card":"summary_large_image","twitter_misc":{"Est. reading time":"8 minutes"},"schema":{"@context":"https:\/\/schema.org","@graph":[{"@type":"WebPage","@id":"https:\/\/adenome-prostate.com\/internationale-prostate\/","url":"https:\/\/adenome-prostate.com\/internationale-prostate\/","name":"Internationale - Prostate Embolization Center","isPartOf":{"@id":"https:\/\/adenome-prostate.com\/#website"},"datePublished":"2020-05-25T21:51:02+00:00","dateModified":"2024-11-07T11:55:53+00:00","breadcrumb":{"@id":"https:\/\/adenome-prostate.com\/internationale-prostate\/#breadcrumb"},"inLanguage":"en-US","potentialAction":[{"@type":"ReadAction","target":["https:\/\/adenome-prostate.com\/internationale-prostate\/"]}]},{"@type":"BreadcrumbList","@id":"https:\/\/adenome-prostate.com\/internationale-prostate\/#breadcrumb","itemListElement":[{"@type":"ListItem","position":1,"name":"Home","item":"https:\/\/adenome-prostate.com\/"},{"@type":"ListItem","position":2,"name":"Internationale"}]},{"@type":"WebSite","@id":"https:\/\/adenome-prostate.com\/#website","url":"https:\/\/adenome-prostate.com\/","name":"Prostate Embolization Center","description":"Therapeutic Prostate Surgery","publisher":{"@id":"https:\/\/adenome-prostate.com\/#organization"},"potentialAction":[{"@type":"SearchAction","target":{"@type":"EntryPoint","urlTemplate":"https:\/\/adenome-prostate.com\/?s={search_term_string}"},"query-input":{"@type":"PropertyValueSpecification","valueRequired":true,"valueName":"search_term_string"}}],"inLanguage":"en-US"},{"@type":"Organization","@id":"https:\/\/adenome-prostate.com\/#organization","name":"Prostate Embolization Center Paris","url":"https:\/\/adenome-prostate.com\/","logo":{"@type":"ImageObject","inLanguage":"en-US","@id":"https:\/\/adenome-prostate.com\/#\/schema\/logo\/image\/","url":"https:\/\/adenome-prostate.com\/wp-content\/uploads\/2018\/06\/CEA.png","contentUrl":"https:\/\/adenome-prostate.com\/wp-content\/uploads\/2018\/06\/CEA.png","width":450,"height":450,"caption":"Centre d'Embolisation Prostate Paris"},"image":{"@id":"https:\/\/adenome-prostate.com\/#\/schema\/logo\/image\/"},"sameAs":["https:\/\/www.linkedin.com\/company\/centre-embolisation-prostate\/"]}]}},"_links":{"self":[{"href":"https:\/\/adenome-prostate.com\/en\/wp-json\/wp\/v2\/pages\/1757","targetHints":{"allow":["GET"]}}],"collection":[{"href":"https:\/\/adenome-prostate.com\/en\/wp-json\/wp\/v2\/pages"}],"about":[{"href":"https:\/\/adenome-prostate.com\/en\/wp-json\/wp\/v2\/types\/page"}],"author":[{"embeddable":true,"href":"https:\/\/adenome-prostate.com\/en\/wp-json\/wp\/v2\/users\/1"}],"replies":[{"embeddable":true,"href":"https:\/\/adenome-prostate.com\/en\/wp-json\/wp\/v2\/comments?post=1757"}],"version-history":[{"count":0,"href":"https:\/\/adenome-prostate.com\/en\/wp-json\/wp\/v2\/pages\/1757\/revisions"}],"wp:attachment":[{"href":"https:\/\/adenome-prostate.com\/en\/wp-json\/wp\/v2\/media?parent=1757"}],"curies":[{"name":"wp","href":"https:\/\/api.w.org\/{rel}","templated":true}]}}