{"id":389,"date":"2018-03-14T07:18:58","date_gmt":"2018-03-14T07:18:58","guid":{"rendered":"https:\/\/adenome-prostate.com\/?page_id=389"},"modified":"2024-11-07T09:07:31","modified_gmt":"2024-11-07T09:07:31","slug":"clinical-cases","status":"publish","type":"page","link":"https:\/\/adenome-prostate.com\/en\/cas-cliniques\/","title":{"rendered":"Clinical cases"},"content":{"rendered":"<p>[et_pb_section fb_built=\u00a0\u00bb1&Prime; make_equal=\u00a0\u00bbon\u00a0\u00bb use_custom_gutter=\u00a0\u00bbon\u00a0\u00bb gutter_width=\u00a0\u00bb1&Prime; specialty=\u00a0\u00bbon\u00a0\u00bb background_color_1=\u00a0\u00bbrgba(0,11,48,0.82)\u00a0\u00bb padding_right_1=\u00a0\u00bb0px\u00a0\u00bb padding_bottom_1=\u00a0\u00bb0px\u00a0\u00bb padding_bottom_2=\u00a0\u00bb0px\u00a0\u00bb padding_left_1=\u00a0\u00bb0px\u00a0\u00bb padding_left_2=\u00a0\u00bb0px\u00a0\u00bb padding_top_bottom_link_1=\u00a0\u00bbfalse\u00a0\u00bb padding_top_bottom_link_2=\u00a0\u00bbfalse\u00a0\u00bb padding_left_right_link_1=\u00a0\u00bbfalse\u00a0\u00bb padding_left_right_link_2=\u00a0\u00bbfalse\u00a0\u00bb admin_label=\u00a0\u00bbHeader\u00a0\u00bb _builder_version=\u00a0\u00bb4.27.2&Prime; _module_preset=\u00a0\u00bbdefault\u00a0\u00bb inner_width=\u00a0\u00bb70%\u00a0\u00bb inner_width_tablet=\u00a0\u00bb66%\u00a0\u00bb inner_width_phone=\u00a0\u00bb100%\u00a0\u00bb inner_width_last_edited=\u00a0\u00bbon|phone\u00a0\u00bb inner_max_width=\u00a0\u00bb100%\u00a0\u00bb custom_padding=\u00a0\u00bb0px||0px|0px|true|false\u00a0\u00bb border_color_all=\u00a0\u00bb#0E2D41&Prime; border_width_bottom=\u00a0\u00bb2px\u00a0\u00bb locked=\u00a0\u00bboff\u00a0\u00bb collapsed=\u00a0\u00bbon\u00a0\u00bb global_colors_info=\u00a0\u00bb{}\u00a0\u00bb][et_pb_column type=\u00a0\u00bb1_2&Prime; _builder_version=\u00a0\u00bb4.16&Prime; _module_preset=\u00a0\u00bbdefault\u00a0\u00bb custom_padding=\u00a0\u00bb|||\u00a0\u00bb global_colors_info=\u00a0\u00bb{}\u00a0\u00bb custom_padding__hover=\u00a0\u00bb|||\u00a0\u00bb][et_pb_divider show_divider=\u00a0\u00bboff\u00a0\u00bb _builder_version=\u00a0\u00bb4.27.2&Prime; _module_preset=\u00a0\u00bbdefault\u00a0\u00bb height_tablet=\u00a0\u00bb40vw\u00a0\u00bb height_phone=\u00a0\u00bb40vw\u00a0\u00bb height_last_edited=\u00a0\u00bbon|desktop\u00a0\u00bb hover_enabled=\u00a0\u00bb0&Prime; locked=\u00a0\u00bboff\u00a0\u00bb global_colors_info=\u00a0\u00bb{}\u00a0\u00bb disabled_on=\u00a0\u00bbon|off|off\u00a0\u00bb sticky_enabled=\u00a0\u00bb0&Prime;][\/et_pb_divider][\/et_pb_column][et_pb_column type=\u00a0\u00bb1_2&Prime; specialty_columns=\u00a0\u00bb2&Prime; _builder_version=\u00a0\u00bb4.16&Prime; _module_preset=\u00a0\u00bbdefault\u00a0\u00bb custom_padding=\u00a0\u00bb|||\u00a0\u00bb global_colors_info=\u00a0\u00bb{}\u00a0\u00bb custom_padding__hover=\u00a0\u00bb|||\u00a0\u00bb][et_pb_row_inner _builder_version=\u00a0\u00bb4.19.3&Prime; _module_preset=\u00a0\u00bbdefault\u00a0\u00bb custom_padding=\u00a0\u00bb6%|6%|6%|6%|true|true\u00a0\u00bb border_color_all=\u00a0\u00bb#0E2D41&Prime; border_width_left=\u00a0\u00bb2px\u00a0\u00bb global_colors_info=\u00a0\u00bb{}\u00a0\u00bb][et_pb_column_inner saved_specialty_column_type=\u00a0\u00bb1_2&Prime; _builder_version=\u00a0\u00bb4.19.3&Prime; _module_preset=\u00a0\u00bbdefault\u00a0\u00bb global_colors_info=\u00a0\u00bb{}\u00a0\u00bb][et_pb_text _builder_version=\u00a0\u00bb4.27.2&Prime; _module_preset=\u00a0\u00bb86046e7e-b995-487a-999f-a9fb0fcb792a\u00a0\u00bb header_font=\u00a0\u00bb|600|||||||\u00a0\u00bb header_font_size=\u00a0\u00bb43px\u00a0\u00bb global_colors_info=\u00a0\u00bb{}\u00a0\u00bb]<\/p>\n<h1>Cas cliniques : embolisation des art\u00e8res prostatique<\/h1>\n<p>[\/et_pb_text][\/et_pb_column_inner][\/et_pb_row_inner][et_pb_row_inner _builder_version=\u00a0\u00bb4.27.2&Prime; _module_preset=\u00a0\u00bbdefault\u00a0\u00bb background_color=\u00a0\u00bb#a1aec9&Prime; custom_padding=\u00a0\u00bb6%|6%|23px|6%|false|true\u00a0\u00bb border_width_all=\u00a0\u00bb2px\u00a0\u00bb border_color_all=\u00a0\u00bb#0E2D41&Prime; border_width_bottom=\u00a0\u00bb0px\u00a0\u00bb global_colors_info=\u00a0\u00bb{%22gcid-c7a91ef9-8f2c-4a77-860c-352ffa80795b%22:%91%22background_color%22%93}\u00a0\u00bb][et_pb_column_inner saved_specialty_column_type=\u00a0\u00bb1_2&Prime; _builder_version=\u00a0\u00bb4.19.3&Prime; _module_preset=\u00a0\u00bbdefault\u00a0\u00bb global_colors_info=\u00a0\u00bb{}\u00a0\u00bb][et_pb_text _builder_version=\u00a0\u00bb4.27.2&Prime; _module_preset=\u00a0\u00bbddea08ea-5343-484c-80ce-efbbcadb0ab3&Prime; text_font=\u00a0\u00bb||||||||\u00a0\u00bb text_text_color=\u00a0\u00bbRGBA(0,11,48,0.82)\u00a0\u00bb text_font_size=\u00a0\u00bb16px\u00a0\u00bb text_line_height=\u00a0\u00bb1.3em\u00a0\u00bb header_2_font=\u00a0\u00bb&#8211;et_global_heading_font||||||||\u00a0\u00bb header_2_text_color=\u00a0\u00bbRGBA(0,11,48,0.82)\u00a0\u00bb header_2_font_size=\u00a0\u00bb16px\u00a0\u00bb header_2_line_height=\u00a0\u00bb1.4em\u00a0\u00bb custom_margin=\u00a0\u00bb||20px||false|false\u00a0\u00bb global_colors_info=\u00a0\u00bb{}\u00a0\u00bb]<\/p>\n<h2>Quelques \u00e9tudes de cas vous sont pr\u00e9sent\u00e9s de personnes atteinte par une hypertrophie b\u00e9nigne de la Prostate.<\/h2>\n<p>Les images on \u00e9t\u00e9 reconstruite en 3D par le soin de nos radiologues interventionnel afin de vous montrer en d\u00e9tail les art\u00e8res prostatique.<\/p>\n<p>[\/et_pb_text][et_pb_button button_url=\u00a0\u00bbhttps:\/\/adenome-prostate.com\/hypertrophie-prostate-adenome\/\u00a0\u00bb button_text=\u00a0\u00bbQu&rsquo;est ce que l&rsquo;hypertrophie de la prostate ?\u00a0\u00bb _builder_version=\u00a0\u00bb4.27.2&Prime; _module_preset=\u00a0\u00bb518a17de-657b-4d13-83e1-1b96aef04ec7&Prime; button_text_size=\u00a0\u00bb12px\u00a0\u00bb button_font=\u00a0\u00bb|700||on|||||\u00a0\u00bb custom_padding=\u00a0\u00bb13px|30px|13px|30px|true|true\u00a0\u00bb locked=\u00a0\u00bboff\u00a0\u00bb global_colors_info=\u00a0\u00bb{}\u00a0\u00bb][\/et_pb_button][\/et_pb_column_inner][\/et_pb_row_inner][\/et_pb_column][\/et_pb_section][et_pb_section fb_built=\u00a0\u00bb1&Prime; admin_label=\u00a0\u00bbCall to Action\u00a0\u00bb _builder_version=\u00a0\u00bb4.19.3&Prime; _module_preset=\u00a0\u00bbdefault\u00a0\u00bb collapsed=\u00a0\u00bbon\u00a0\u00bb global_colors_info=\u00a0\u00bb{}\u00a0\u00bb][et_pb_row column_structure=\u00a0\u00bb1_2,1_2&Prime; _builder_version=\u00a0\u00bb4.27.2&Prime; _module_preset=\u00a0\u00bbdefault\u00a0\u00bb width=\u00a0\u00bb70%\u00a0\u00bb width_tablet=\u00a0\u00bb\u00a0\u00bb width_phone=\u00a0\u00bb100%\u00a0\u00bb width_last_edited=\u00a0\u00bbon|phone\u00a0\u00bb max_width=\u00a0\u00bb100%\u00a0\u00bb max_width_tablet=\u00a0\u00bb\u00a0\u00bb max_width_phone=\u00a0\u00bb100%\u00a0\u00bb max_width_last_edited=\u00a0\u00bbon|phone\u00a0\u00bb custom_padding=\u00a0\u00bb|18px||18px|true|true\u00a0\u00bb global_colors_info=\u00a0\u00bb{}\u00a0\u00bb][et_pb_column type=\u00a0\u00bb1_2&Prime; _builder_version=\u00a0\u00bb4.19.3&Prime; _module_preset=\u00a0\u00bbdefault\u00a0\u00bb custom_padding=\u00a0\u00bb4%||||false|false\u00a0\u00bb custom_padding_tablet=\u00a0\u00bb0%||||false|false\u00a0\u00bb custom_padding_phone=\u00a0\u00bb0%||||false|false\u00a0\u00bb custom_padding_last_edited=\u00a0\u00bbon|desktop\u00a0\u00bb global_colors_info=\u00a0\u00bb{}\u00a0\u00bb][et_pb_text _builder_version=\u00a0\u00bb4.27.2&Prime; _module_preset=\u00a0\u00bb86046e7e-b995-487a-999f-a9fb0fcb792a\u00a0\u00bb header_font=\u00a0\u00bb|600|||||||\u00a0\u00bb header_font_size=\u00a0\u00bb47px\u00a0\u00bb header_2_font=\u00a0\u00bb|600|||||||\u00a0\u00bb header_2_font_size=\u00a0\u00bb39px\u00a0\u00bb border_width_right=\u00a0\u00bb2px\u00a0\u00bb global_colors_info=\u00a0\u00bb{}\u00a0\u00bb]<\/p>\n<h2>Cas Clinique 1<\/h2>\n<p>[\/et_pb_text][et_pb_text _builder_version=\u00a0\u00bb4.27.2&Prime; _module_preset=\u00a0\u00bbeac166f7-88f4-4d30-bb9d-39684964f609&Prime; text_font=\u00a0\u00bb&#8211;et_global_heading_font||||||||\u00a0\u00bb text_text_color=\u00a0\u00bb#000000&Prime; text_font_size=\u00a0\u00bb15px\u00a0\u00bb text_line_height=\u00a0\u00bb1.7em\u00a0\u00bb header_2_text_color=\u00a0\u00bbrgba(0,11,48,0.82)\u00a0\u00bb header_2_font_size=\u00a0\u00bb19px\u00a0\u00bb header_2_line_height=\u00a0\u00bb1.2em\u00a0\u00bb header_4_font=\u00a0\u00bb&#8211;et_global_heading_font||||||||\u00a0\u00bb global_colors_info=\u00a0\u00bb{}\u00a0\u00bb]<\/p>\n<h4>Patient:<\/h4>\n<p>Male, 49 ans<\/p>\n<h4><span style=\"color: #333333; font-size: 18px;\">Sympt\u00f4mes:<\/span><\/h4>\n<p>&#8211; Multiple mictions urinaires<\/p>\n<p>&#8211; Multiple r\u00e9veils nocturnes<\/p>\n<p>&#8211; Jet faible<\/p>\n<p>[\/et_pb_text][\/et_pb_column][et_pb_column type=\u00a0\u00bb1_2&Prime; _builder_version=\u00a0\u00bb4.19.3&Prime; _module_preset=\u00a0\u00bbdefault\u00a0\u00bb global_colors_info=\u00a0\u00bb{}\u00a0\u00bb][et_pb_gallery gallery_ids=\u00a0\u00bb419,420,421,508&Prime; gallery_captions=\u00a0\u00bbAdenome prostatique,Adenome prostatique,Adenome prostatique,Adenome prostatique\u00a0\u00bb show_title_and_caption=\u00a0\u00bboff\u00a0\u00bb _builder_version=\u00a0\u00bb4.19.0&Prime; max_width=\u00a0\u00bb86%\u00a0\u00bb module_alignment=\u00a0\u00bbcenter\u00a0\u00bb global_colors_info=\u00a0\u00bb{}\u00a0\u00bb][\/et_pb_gallery][\/et_pb_column][\/et_pb_row][\/et_pb_section][et_pb_section fb_built=\u00a0\u00bb1&Prime; _builder_version=\u00a0\u00bb4.27.2&Prime; _module_preset=\u00a0\u00bbdefault\u00a0\u00bb background_color=\u00a0\u00bbrgba(0,11,48,0.82)\u00a0\u00bb global_colors_info=\u00a0\u00bb{}\u00a0\u00bb][et_pb_row column_structure=\u00a0\u00bb1_2,1_2&Prime; _builder_version=\u00a0\u00bb4.27.2&Prime; _module_preset=\u00a0\u00bbdefault\u00a0\u00bb width=\u00a0\u00bb70%\u00a0\u00bb width_tablet=\u00a0\u00bb\u00a0\u00bb width_phone=\u00a0\u00bb100%\u00a0\u00bb width_last_edited=\u00a0\u00bbon|phone\u00a0\u00bb max_width=\u00a0\u00bb100%\u00a0\u00bb max_width_tablet=\u00a0\u00bb\u00a0\u00bb max_width_phone=\u00a0\u00bb100%\u00a0\u00bb max_width_last_edited=\u00a0\u00bbon|phone\u00a0\u00bb custom_padding=\u00a0\u00bb|18px||18px|true|true\u00a0\u00bb global_colors_info=\u00a0\u00bb{}\u00a0\u00bb][et_pb_column type=\u00a0\u00bb1_2&Prime; _builder_version=\u00a0\u00bb4.19.3&Prime; _module_preset=\u00a0\u00bbdefault\u00a0\u00bb custom_padding=\u00a0\u00bb4%||||false|false\u00a0\u00bb custom_padding_tablet=\u00a0\u00bb0%||||false|false\u00a0\u00bb custom_padding_phone=\u00a0\u00bb0%||||false|false\u00a0\u00bb custom_padding_last_edited=\u00a0\u00bbon|desktop\u00a0\u00bb global_colors_info=\u00a0\u00bb{}\u00a0\u00bb][et_pb_text _builder_version=\u00a0\u00bb4.27.2&Prime; _module_preset=\u00a0\u00bb86046e7e-b995-487a-999f-a9fb0fcb792a\u00a0\u00bb header_font=\u00a0\u00bb|600|||||||\u00a0\u00bb header_font_size=\u00a0\u00bb47px\u00a0\u00bb header_2_font=\u00a0\u00bb|600|||||||\u00a0\u00bb header_2_text_color=\u00a0\u00bb#FFFFFF\u00a0\u00bb header_2_font_size=\u00a0\u00bb39px\u00a0\u00bb border_width_right=\u00a0\u00bb2px\u00a0\u00bb border_color_right=\u00a0\u00bb#FFFFFF\u00a0\u00bb global_colors_info=\u00a0\u00bb{}\u00a0\u00bb]<\/p>\n<h2>Cas Clinique 2<\/h2>\n<p>[\/et_pb_text][et_pb_text _builder_version=\u00a0\u00bb4.27.2&Prime; _module_preset=\u00a0\u00bbeac166f7-88f4-4d30-bb9d-39684964f609&Prime; text_font=\u00a0\u00bb||||||||\u00a0\u00bb text_text_color=\u00a0\u00bb#FFFFFF\u00a0\u00bb text_font_size=\u00a0\u00bb15px\u00a0\u00bb text_line_height=\u00a0\u00bb1.7em\u00a0\u00bb header_2_text_color=\u00a0\u00bbrgba(0,11,48,0.82)\u00a0\u00bb header_2_font_size=\u00a0\u00bb19px\u00a0\u00bb header_2_line_height=\u00a0\u00bb1.2em\u00a0\u00bb header_4_text_color=\u00a0\u00bb#00FFCC\u00a0\u00bb global_colors_info=\u00a0\u00bb{}\u00a0\u00bb]<\/p>\n<h4>Patient:<\/h4>\n<p>Male, 65 ans<span style=\"font-size: 14px;\">\u00a0<\/span><\/p>\n<h4>Sympt\u00f4mes:<\/h4>\n<p>&#8211; Multiple mictions. Pollakiurie<\/p>\n<p>&#8211; Multiple r\u00e9veils nocturnes<\/p>\n<p>&#8211; Jet faible<\/p>\n<h4><\/h4>\n<h4>Remarques apr\u00e8s Scanner des art\u00e8res prostatiques:<\/h4>\n<p>Il existe une communication en entre l&rsquo;art\u00e8re prostatique et l&rsquo;art\u00e8re p\u00e9nienne. Cette communication est bloqu\u00e9 par des coils (cf photo 3) pour que les microbilles inject\u00e9 lors de l&#8217;embolisaition, atteignent la prostate et non le p\u00e9nis.<\/p>\n<p>[\/et_pb_text][\/et_pb_column][et_pb_column type=\u00a0\u00bb1_2&Prime; _builder_version=\u00a0\u00bb4.19.3&Prime; _module_preset=\u00a0\u00bbdefault\u00a0\u00bb global_colors_info=\u00a0\u00bb{}\u00a0\u00bb][et_pb_gallery gallery_ids=\u00a0\u00bb858,859,860,861&Prime; gallery_captions=\u00a0\u00bbAdenome prostatique,Adenome prostatique,Adenome prostatique,Adenome prostatique\u00a0\u00bb show_title_and_caption=\u00a0\u00bboff\u00a0\u00bb _builder_version=\u00a0\u00bb4.19.0&Prime; pagination_font=\u00a0\u00bb||||||||\u00a0\u00bb max_width=\u00a0\u00bb86%\u00a0\u00bb module_alignment=\u00a0\u00bbcenter\u00a0\u00bb custom_margin=\u00a0\u00bb39px|||||\u00a0\u00bb custom_padding=\u00a0\u00bb|0px||0px\u00a0\u00bb global_colors_info=\u00a0\u00bb{}\u00a0\u00bb][\/et_pb_gallery][\/et_pb_column][\/et_pb_row][\/et_pb_section][et_pb_section fb_built=\u00a0\u00bb1&Prime; _builder_version=\u00a0\u00bb4.27.2&Prime; _module_preset=\u00a0\u00bbdefault\u00a0\u00bb global_colors_info=\u00a0\u00bb{}\u00a0\u00bb][et_pb_row column_structure=\u00a0\u00bb1_2,1_2&Prime; _builder_version=\u00a0\u00bb4.27.2&Prime; _module_preset=\u00a0\u00bbdefault\u00a0\u00bb width=\u00a0\u00bb70%\u00a0\u00bb width_tablet=\u00a0\u00bb\u00a0\u00bb width_phone=\u00a0\u00bb100%\u00a0\u00bb width_last_edited=\u00a0\u00bbon|phone\u00a0\u00bb max_width=\u00a0\u00bb100%\u00a0\u00bb max_width_tablet=\u00a0\u00bb\u00a0\u00bb max_width_phone=\u00a0\u00bb100%\u00a0\u00bb max_width_last_edited=\u00a0\u00bbon|phone\u00a0\u00bb custom_padding=\u00a0\u00bb|18px||18px|true|true\u00a0\u00bb global_colors_info=\u00a0\u00bb{}\u00a0\u00bb][et_pb_column type=\u00a0\u00bb1_2&Prime; _builder_version=\u00a0\u00bb4.19.3&Prime; _module_preset=\u00a0\u00bbdefault\u00a0\u00bb custom_padding=\u00a0\u00bb4%||||false|false\u00a0\u00bb custom_padding_tablet=\u00a0\u00bb0%||||false|false\u00a0\u00bb custom_padding_phone=\u00a0\u00bb0%||||false|false\u00a0\u00bb custom_padding_last_edited=\u00a0\u00bbon|desktop\u00a0\u00bb global_colors_info=\u00a0\u00bb{}\u00a0\u00bb][et_pb_text _builder_version=\u00a0\u00bb4.27.2&Prime; _module_preset=\u00a0\u00bb86046e7e-b995-487a-999f-a9fb0fcb792a\u00a0\u00bb header_font=\u00a0\u00bb|600|||||||\u00a0\u00bb header_font_size=\u00a0\u00bb47px\u00a0\u00bb header_2_font=\u00a0\u00bb|600|||||||\u00a0\u00bb header_2_font_size=\u00a0\u00bb39px\u00a0\u00bb border_width_right=\u00a0\u00bb2px\u00a0\u00bb global_colors_info=\u00a0\u00bb{}\u00a0\u00bb]<\/p>\n<h2>Cas Clinique 3<\/h2>\n<p>[\/et_pb_text][et_pb_text _builder_version=\u00a0\u00bb4.27.2&Prime; _module_preset=\u00a0\u00bbeac166f7-88f4-4d30-bb9d-39684964f609&Prime; text_font=\u00a0\u00bb&#8211;et_global_heading_font||||||||\u00a0\u00bb text_text_color=\u00a0\u00bb#000000&Prime; text_font_size=\u00a0\u00bb15px\u00a0\u00bb text_line_height=\u00a0\u00bb1.7em\u00a0\u00bb header_2_text_color=\u00a0\u00bbrgba(0,11,48,0.82)\u00a0\u00bb header_2_font_size=\u00a0\u00bb19px\u00a0\u00bb header_2_line_height=\u00a0\u00bb1.2em\u00a0\u00bb header_4_font=\u00a0\u00bb&#8211;et_global_heading_font||||||||\u00a0\u00bb global_colors_info=\u00a0\u00bb{}\u00a0\u00bb]<\/p>\n<h4>Patient:<\/h4>\n<p>Male, 59 ans<\/p>\n<h4><span>Sympt\u00f4mes:<\/span><\/h4>\n<p>&#8211; Multiple mictions.<\/p>\n<p>&#8211; Jet faible<\/p>\n<p>&#8211; Douleurs<\/p>\n<h4>Remarques apr\u00e8s Scanner des art\u00e8res prostatiques:<\/h4>\n<p><span style=\"font-size: 14px;\">Variante: Naissance de l&rsquo;art\u00e8re prostatique \u00e0 partir de l&rsquo;art\u00e8re fessi\u00e8re.<\/span><\/p>\n<p>[\/et_pb_text][\/et_pb_column][et_pb_column type=\u00a0\u00bb1_2&Prime; _builder_version=\u00a0\u00bb4.19.3&Prime; _module_preset=\u00a0\u00bbdefault\u00a0\u00bb global_colors_info=\u00a0\u00bb{}\u00a0\u00bb][et_pb_gallery gallery_ids=\u00a0\u00bb868,867&Prime; gallery_captions=\u00a0\u00bbAdenome prostatique,Adenome prostatique,Adenome prostatique,Adenome prostatique\u00a0\u00bb show_title_and_caption=\u00a0\u00bboff\u00a0\u00bb _builder_version=\u00a0\u00bb4.19.0&Prime; max_width=\u00a0\u00bb86%\u00a0\u00bb module_alignment=\u00a0\u00bbcenter\u00a0\u00bb custom_margin=\u00a0\u00bb28px|||||\u00a0\u00bb global_colors_info=\u00a0\u00bb{}\u00a0\u00bb][\/et_pb_gallery][\/et_pb_column][\/et_pb_row][\/et_pb_section]<\/p>\n","protected":false},"excerpt":{"rendered":"<p>Cas cliniques : embolisation des art\u00e8res prostatiqueQuelques \u00e9tudes de cas vous sont pr\u00e9sent\u00e9s de personnes atteinte par une hypertrophie b\u00e9nigne de la Prostate. Les images on \u00e9t\u00e9 reconstruite en 3D par le soin de nos radiologues interventionnel afin de vous montrer en d\u00e9tail les art\u00e8res prostatique.Cas Clinique 1Patient: Male, 49 ans Sympt\u00f4mes: &#8211; Multiple mictions [&hellip;]<\/p>\n","protected":false},"author":1,"featured_media":0,"parent":0,"menu_order":0,"comment_status":"closed","ping_status":"closed","template":"","meta":{"_et_pb_use_builder":"on","_et_pb_old_content":"","_et_gb_content_width":"","footnotes":""},"class_list":["post-389","page","type-page","status-publish","hentry"],"yoast_head":"<!-- This site is optimized with the Yoast SEO plugin v27.4 - https:\/\/yoast.com\/product\/yoast-seo-wordpress\/ -->\n<title>Cas Cliniques Embolisation Art\u00e8re Prostatique | Cas Embolisation Prostate<\/title>\n<meta name=\"description\" content=\"Nos diff\u00e9rents cas cliniques de l&#039;embolisation de l&#039;art\u00e8re prostatique pour des personnes atteintes d&#039;une hypertrophie b\u00e9nigne de la prostate.\" \/>\n<meta name=\"robots\" content=\"index, follow, max-snippet:-1, max-image-preview:large, max-video-preview:-1\" \/>\n<link rel=\"canonical\" href=\"https:\/\/adenome-prostate.com\/en\/clinical-cases\/\" \/>\n<meta property=\"og:locale\" content=\"en_US\" \/>\n<meta property=\"og:type\" content=\"article\" \/>\n<meta property=\"og:title\" content=\"Cas Cliniques Embolisation Art\u00e8re Prostatique | Cas Embolisation Prostate\" \/>\n<meta property=\"og:description\" content=\"Nos diff\u00e9rents cas cliniques de l&#039;embolisation de l&#039;art\u00e8re prostatique pour des personnes atteintes d&#039;une hypertrophie b\u00e9nigne de la prostate.\" \/>\n<meta property=\"og:url\" content=\"https:\/\/adenome-prostate.com\/en\/clinical-cases\/\" \/>\n<meta property=\"og:site_name\" content=\"Centre Embolisation Prostate\" \/>\n<meta property=\"article:modified_time\" content=\"2024-11-07T09:07:31+00:00\" \/>\n<meta name=\"twitter:card\" content=\"summary_large_image\" \/>\n<meta name=\"twitter:label1\" content=\"Est. reading time\" \/>\n\t<meta name=\"twitter:data1\" content=\"7 minutes\" \/>\n<script type=\"application\/ld+json\" class=\"yoast-schema-graph\">{\"@context\":\"https:\\\/\\\/schema.org\",\"@graph\":[{\"@type\":\"WebPage\",\"@id\":\"https:\\\/\\\/adenome-prostate.com\\\/cas-cliniques\\\/\",\"url\":\"https:\\\/\\\/adenome-prostate.com\\\/cas-cliniques\\\/\",\"name\":\"Cas Cliniques Embolisation Art\u00e8re Prostatique | Cas Embolisation Prostate\",\"isPartOf\":{\"@id\":\"https:\\\/\\\/adenome-prostate.com\\\/#website\"},\"datePublished\":\"2018-03-14T07:18:58+00:00\",\"dateModified\":\"2024-11-07T09:07:31+00:00\",\"description\":\"Nos diff\u00e9rents cas cliniques de l'embolisation de l'art\u00e8re prostatique pour des personnes atteintes d'une hypertrophie b\u00e9nigne de la prostate.\",\"breadcrumb\":{\"@id\":\"https:\\\/\\\/adenome-prostate.com\\\/cas-cliniques\\\/#breadcrumb\"},\"inLanguage\":\"en-US\",\"potentialAction\":[{\"@type\":\"ReadAction\",\"target\":[\"https:\\\/\\\/adenome-prostate.com\\\/cas-cliniques\\\/\"]}]},{\"@type\":\"BreadcrumbList\",\"@id\":\"https:\\\/\\\/adenome-prostate.com\\\/cas-cliniques\\\/#breadcrumb\",\"itemListElement\":[{\"@type\":\"ListItem\",\"position\":1,\"name\":\"Home\",\"item\":\"https:\\\/\\\/adenome-prostate.com\\\/\"},{\"@type\":\"ListItem\",\"position\":2,\"name\":\"Cas cliniques\"}]},{\"@type\":\"WebSite\",\"@id\":\"https:\\\/\\\/adenome-prostate.com\\\/#website\",\"url\":\"https:\\\/\\\/adenome-prostate.com\\\/\",\"name\":\"Centre Embolisation Prostate\",\"description\":\"Chirurgie Prostate Th\u00e9rapeutique\",\"publisher\":{\"@id\":\"https:\\\/\\\/adenome-prostate.com\\\/#organization\"},\"potentialAction\":[{\"@type\":\"SearchAction\",\"target\":{\"@type\":\"EntryPoint\",\"urlTemplate\":\"https:\\\/\\\/adenome-prostate.com\\\/?s={search_term_string}\"},\"query-input\":{\"@type\":\"PropertyValueSpecification\",\"valueRequired\":true,\"valueName\":\"search_term_string\"}}],\"inLanguage\":\"en-US\"},{\"@type\":\"Organization\",\"@id\":\"https:\\\/\\\/adenome-prostate.com\\\/#organization\",\"name\":\"Centre d'Embolisation Prostate Paris\",\"url\":\"https:\\\/\\\/adenome-prostate.com\\\/\",\"logo\":{\"@type\":\"ImageObject\",\"inLanguage\":\"en-US\",\"@id\":\"https:\\\/\\\/adenome-prostate.com\\\/#\\\/schema\\\/logo\\\/image\\\/\",\"url\":\"https:\\\/\\\/adenome-prostate.com\\\/wp-content\\\/uploads\\\/2018\\\/06\\\/CEA.png\",\"contentUrl\":\"https:\\\/\\\/adenome-prostate.com\\\/wp-content\\\/uploads\\\/2018\\\/06\\\/CEA.png\",\"width\":450,\"height\":450,\"caption\":\"Centre d'Embolisation Prostate Paris\"},\"image\":{\"@id\":\"https:\\\/\\\/adenome-prostate.com\\\/#\\\/schema\\\/logo\\\/image\\\/\"},\"sameAs\":[\"https:\\\/\\\/www.linkedin.com\\\/company\\\/centre-embolisation-prostate\\\/\"]}]}<\/script>\n<!-- \/ Yoast SEO plugin. -->","yoast_head_json":{"title":"Clinical Cases Prostatic Artery Embolization | Case Prostate Embolization","description":"Our different clinical cases of prostatic artery embolization for people with benign prostatic hypertrophy.","robots":{"index":"index","follow":"follow","max-snippet":"max-snippet:-1","max-image-preview":"max-image-preview:large","max-video-preview":"max-video-preview:-1"},"canonical":"https:\/\/adenome-prostate.com\/en\/clinical-cases\/","og_locale":"en_US","og_type":"article","og_title":"Cas Cliniques Embolisation Art\u00e8re Prostatique | Cas Embolisation Prostate","og_description":"Nos diff\u00e9rents cas cliniques de l'embolisation de l'art\u00e8re prostatique pour des personnes atteintes d'une hypertrophie b\u00e9nigne de la prostate.","og_url":"https:\/\/adenome-prostate.com\/en\/clinical-cases\/","og_site_name":"Centre Embolisation Prostate","article_modified_time":"2024-11-07T09:07:31+00:00","twitter_card":"summary_large_image","twitter_misc":{"Est. reading time":"7 minutes"},"schema":{"@context":"https:\/\/schema.org","@graph":[{"@type":"WebPage","@id":"https:\/\/adenome-prostate.com\/cas-cliniques\/","url":"https:\/\/adenome-prostate.com\/cas-cliniques\/","name":"Clinical Cases Prostatic Artery Embolization | Case Prostate Embolization","isPartOf":{"@id":"https:\/\/adenome-prostate.com\/#website"},"datePublished":"2018-03-14T07:18:58+00:00","dateModified":"2024-11-07T09:07:31+00:00","description":"Our different clinical cases of prostatic artery embolization for people with benign prostatic hypertrophy.","breadcrumb":{"@id":"https:\/\/adenome-prostate.com\/cas-cliniques\/#breadcrumb"},"inLanguage":"en-US","potentialAction":[{"@type":"ReadAction","target":["https:\/\/adenome-prostate.com\/cas-cliniques\/"]}]},{"@type":"BreadcrumbList","@id":"https:\/\/adenome-prostate.com\/cas-cliniques\/#breadcrumb","itemListElement":[{"@type":"ListItem","position":1,"name":"Home","item":"https:\/\/adenome-prostate.com\/"},{"@type":"ListItem","position":2,"name":"Cas cliniques"}]},{"@type":"WebSite","@id":"https:\/\/adenome-prostate.com\/#website","url":"https:\/\/adenome-prostate.com\/","name":"Prostate Embolization Center","description":"Therapeutic Prostate Surgery","publisher":{"@id":"https:\/\/adenome-prostate.com\/#organization"},"potentialAction":[{"@type":"SearchAction","target":{"@type":"EntryPoint","urlTemplate":"https:\/\/adenome-prostate.com\/?s={search_term_string}"},"query-input":{"@type":"PropertyValueSpecification","valueRequired":true,"valueName":"search_term_string"}}],"inLanguage":"en-US"},{"@type":"Organization","@id":"https:\/\/adenome-prostate.com\/#organization","name":"Prostate Embolization Center Paris","url":"https:\/\/adenome-prostate.com\/","logo":{"@type":"ImageObject","inLanguage":"en-US","@id":"https:\/\/adenome-prostate.com\/#\/schema\/logo\/image\/","url":"https:\/\/adenome-prostate.com\/wp-content\/uploads\/2018\/06\/CEA.png","contentUrl":"https:\/\/adenome-prostate.com\/wp-content\/uploads\/2018\/06\/CEA.png","width":450,"height":450,"caption":"Centre d'Embolisation Prostate Paris"},"image":{"@id":"https:\/\/adenome-prostate.com\/#\/schema\/logo\/image\/"},"sameAs":["https:\/\/www.linkedin.com\/company\/centre-embolisation-prostate\/"]}]}},"_links":{"self":[{"href":"https:\/\/adenome-prostate.com\/en\/wp-json\/wp\/v2\/pages\/389","targetHints":{"allow":["GET"]}}],"collection":[{"href":"https:\/\/adenome-prostate.com\/en\/wp-json\/wp\/v2\/pages"}],"about":[{"href":"https:\/\/adenome-prostate.com\/en\/wp-json\/wp\/v2\/types\/page"}],"author":[{"embeddable":true,"href":"https:\/\/adenome-prostate.com\/en\/wp-json\/wp\/v2\/users\/1"}],"replies":[{"embeddable":true,"href":"https:\/\/adenome-prostate.com\/en\/wp-json\/wp\/v2\/comments?post=389"}],"version-history":[{"count":0,"href":"https:\/\/adenome-prostate.com\/en\/wp-json\/wp\/v2\/pages\/389\/revisions"}],"wp:attachment":[{"href":"https:\/\/adenome-prostate.com\/en\/wp-json\/wp\/v2\/media?parent=389"}],"curies":[{"name":"wp","href":"https:\/\/api.w.org\/{rel}","templated":true}]}}