{"id":511,"date":"2018-04-04T14:02:55","date_gmt":"2018-04-04T14:02:55","guid":{"rendered":"https:\/\/adenome-prostate.com\/?page_id=511"},"modified":"2019-07-11T09:09:04","modified_gmt":"2019-07-11T09:09:04","slug":"faq","status":"publish","type":"page","link":"https:\/\/adenome-prostate.com\/en\/faq\/","title":{"rendered":"FAQ"},"content":{"rendered":"<p>[et_pb_section fb_built=\u00a0\u00bb1&Prime; fullwidth=\u00a0\u00bbon\u00a0\u00bb _builder_version=\u00a0\u00bb3.22.3&Prime; background_color=\u00a0\u00bb#0fa3ff\u00a0\u00bb][et_pb_fullwidth_header title=\u00a0\u00bbFoire Aux Questions\u00a0\u00bb _builder_version=\u00a0\u00bb3.16&Prime; title_font=\u00a0\u00bbMontserrat||||||||\u00a0\u00bb title_text_color=\u00a0\u00bb#ffffff\u00a0\u00bb title_font_size=\u00a0\u00bb38px\u00a0\u00bb title_letter_spacing=\u00a0\u00bb3px\u00a0\u00bb use_background_color_gradient=\u00a0\u00bbon\u00a0\u00bb background_color_gradient_end=\u00a0\u00bb#186c9e\u00a0\u00bb background_layout=\u00a0\u00bblight\u00a0\u00bb button_one_text_size__hover_enabled=\u00a0\u00bboff\u00a0\u00bb button_two_text_size__hover_enabled=\u00a0\u00bboff\u00a0\u00bb button_one_text_color__hover_enabled=\u00a0\u00bboff\u00a0\u00bb button_two_text_color__hover_enabled=\u00a0\u00bboff\u00a0\u00bb button_one_border_width__hover_enabled=\u00a0\u00bboff\u00a0\u00bb button_two_border_width__hover_enabled=\u00a0\u00bboff\u00a0\u00bb button_one_border_color__hover_enabled=\u00a0\u00bboff\u00a0\u00bb button_two_border_color__hover_enabled=\u00a0\u00bboff\u00a0\u00bb button_one_border_radius__hover_enabled=\u00a0\u00bboff\u00a0\u00bb button_two_border_radius__hover_enabled=\u00a0\u00bboff\u00a0\u00bb button_one_letter_spacing__hover_enabled=\u00a0\u00bboff\u00a0\u00bb button_two_letter_spacing__hover_enabled=\u00a0\u00bboff\u00a0\u00bb button_one_bg_color__hover_enabled=\u00a0\u00bboff\u00a0\u00bb button_two_bg_color__hover_enabled=\u00a0\u00bboff\u00a0\u00bb][\/et_pb_fullwidth_header][\/et_pb_section][et_pb_section fb_built=\u00a0\u00bb1&Prime; _builder_version=\u00a0\u00bb3.22.3&Prime;][et_pb_row _builder_version=\u00a0\u00bb3.25&Prime; column_structure=\u00a0\u00bb1_2,1_2&Prime;][et_pb_column type=\u00a0\u00bb1_2&Prime; _builder_version=\u00a0\u00bb3.25&Prime; custom_padding=\u00a0\u00bb|||\u00a0\u00bb custom_padding__hover=\u00a0\u00bb|||\u00a0\u00bb][et_pb_toggle title=\u00a0\u00bbLes affirmations erron\u00e9e des m\u00e9decins\u00a0\u00bb _builder_version=\u00a0\u00bb3.22.7&Prime;]<\/p>\n<p>Votre m\u00e9decin vous dis que c\u2019est encore en stade exp\u00e9rimentale, FAUX, la proc\u00e9dure \u00e0 plus d\u2019une dizaine ann\u00e9es avec plus de 400 articles dans la litt\u00e9rature.<\/p>\n<p>L\u2019embolisation est officiellement recommand\u00e9 en Angleterre par l\u2019autorit\u00e9 de sant\u00e9 comme traitement standard pour la prostate. Cette recommandation est en cours de validation aux USA.<\/p>\n<p>[\/et_pb_toggle][et_pb_toggle title=\u00a0\u00bbll n\u2019existe pas assez de recule par rapport au risque que pr\u00e9sente l&#8217;embolisation?\u00a0\u00bb _builder_version=\u00a0\u00bb3.22.7&Prime;]<\/p>\n<p>Bien au contraire, les risques sont bien connus, sont de plus en plus rare du fait de l\u2019amelioration de la technique et de la miniaturisation du materiel utilis\u00e9.<\/p>\n<p>[\/et_pb_toggle][et_pb_toggle title=\u00a0\u00bbQu&rsquo;est ce que L&rsquo;hyperlasie prostatique?\u00a0\u00bb _builder_version=\u00a0\u00bb3.0.106&Prime;]<span class=\"wixGuard\">\u200b<\/span>Hyperplasie prostatique b\u00e9nigne (BPH) est une \u00e9volution naturelle&nbsp; de la prostate qui va augmenter de taille. Cette augmentation de volume va bloquer le conduit par lequel passe l\u2019urine avant de sortir[\/et_pb_toggle][et_pb_toggle title=\u00a0\u00bbQu&rsquo;est ce que l&#8217;embolisation de l&rsquo;art\u00e8re prostatique?\u00a0\u00bb _builder_version=\u00a0\u00bb3.0.106&Prime; title_font=\u00a0\u00bb||||||||\u00a0\u00bb title_line_height=\u00a0\u00bb1.3em\u00a0\u00bb]<\/p>\n<p class=\"font_8\">L\u2019embolisation de l\u2019art\u00e8re prostatique est une m\u00e9thode non-chirurgicale pour traiter une prostate de grande taille en bloquant les art\u00e8res qui alimentent la glande pour la faire r\u00e9tr\u00e9cir. Elle est r\u00e9alis\u00e9e par un radiologue interventionnel, plut\u00f4t que par un chirurgien, et est une alternative \u00e0 une op\u00e9ration TURP (r\u00e9section trans ur\u00e9trale de la prostate).<\/p>\n<p class=\"font_8\">Il s\u2019agit d\u2019une m\u00e9thode simple avec peu de risques et notamment quasiment pasde complication de dysfonction sexuelle<\/p>\n<p>[\/et_pb_toggle][\/et_pb_column][et_pb_column type=\u00a0\u00bb1_2&Prime; _builder_version=\u00a0\u00bb3.25&Prime; custom_padding=\u00a0\u00bb|||\u00a0\u00bb custom_padding__hover=\u00a0\u00bb|||\u00a0\u00bb][et_pb_toggle title=\u00a0\u00bbLa proc\u00e9dure n\u2019est pas rembours\u00e9 en France?\u00a0\u00bb _builder_version=\u00a0\u00bb3.22.7&Prime;]<\/p>\n<p>L\u2019acte est totalement rembours\u00e9 par la s\u00e9curit\u00e9 sociale et par les mutuelles.<\/p>\n<p>[\/et_pb_toggle][et_pb_toggle title=\u00a0\u00bbQuel diagnostique?\u00a0\u00bb _builder_version=\u00a0\u00bb3.0.106&Prime;]<span class=\"wixGuard\">\u200b<\/span>Les sympt\u00f4mes de l&rsquo;HBP comprennent des probl\u00e8mes d&rsquo;urination; comme un faible d\u00e9bit d&rsquo;urine, des imp\u00e9riosit\u00e9s pour uriner, l&rsquo;impossibilit\u00e9 de vider la vessie et enfin, l&rsquo;obligation de se lever fr\u00e9quemment la nuit pour uriner, des fuites urinaires.[\/et_pb_toggle][et_pb_toggle title=\u00a0\u00bbQuel Traitement?\u00a0\u00bb _builder_version=\u00a0\u00bb3.0.106&Prime;]<\/p>\n<p class=\"font_8\">Les sympt\u00f4mes mod\u00e9r\u00e9s peuvent \u00eatre trait\u00e9s par m\u00e9dicaments pour d\u00e9tendre les muscles lisses de la prostate et du col de la vessie.<\/p>\n<p class=\"font_8\">Lorsque le traitement m\u00e9dical est insuffisant, les patients peuvent \u00eatre trait\u00e9s chirurgicalement. Les traitements chirurgicaux actuels comprennent la r\u00e9section transur\u00e9trale de la prostate, la chirurgie au laser, l&rsquo;\u00e9lectrovaporisation transur\u00e9trale et la prostatectomie ouverte. L&rsquo;intervention chirurgicale entraine quasi syst\u00e9matiquement une \u00e9jaculation r\u00e9trograde et comporte un risque de complications; notamment des saignements, des infections, des st\u00e9noses, de l&rsquo;incontinence et des dysfonctions sexuelles.<\/p>\n<p class=\"font_8\">L&#8217;embolisation de l&rsquo;art\u00e8re prostatique consiste \u00e0 injecter de petites particules dans les vaisseaux sanguins qui alimentent la prostate. Cela bloque l&rsquo;approvisionnement en sang, dans le but de r\u00e9duire la prostate.<\/p>\n<p>[\/et_pb_toggle][\/et_pb_column][\/et_pb_row][et_pb_row _builder_version=\u00a0\u00bb3.25&Prime; column_structure=\u00a0\u00bb1_2,1_2&Prime;][et_pb_column type=\u00a0\u00bb1_2&Prime; _builder_version=\u00a0\u00bb3.25&Prime; custom_padding=\u00a0\u00bb|||\u00a0\u00bb custom_padding__hover=\u00a0\u00bb|||\u00a0\u00bb][et_pb_toggle title=\u00a0\u00bbPourquoi devrais-je avoir besoin d&rsquo;une embolisation de l&rsquo;art\u00e8re prostatique?\u00a0\u00bb _builder_version=\u00a0\u00bb3.0.106&Prime; title_font=\u00a0\u00bb||||||||\u00a0\u00bb title_line_height=\u00a0\u00bb1.3em\u00a0\u00bb]<span class=\"wixGuard\">\u200b<\/span>D&rsquo;autres tests que vous avez faits ont montr\u00e9 que vous souffrez d&rsquo;une hypertrophie de la prostate, et que cela vous cause des sympt\u00f4mes consid\u00e9rables.[\/et_pb_toggle][\/et_pb_column][et_pb_column type=\u00a0\u00bb1_2&Prime; _builder_version=\u00a0\u00bb3.25&Prime; custom_padding=\u00a0\u00bb|||\u00a0\u00bb custom_padding__hover=\u00a0\u00bb|||\u00a0\u00bb][et_pb_toggle title=\u00a0\u00bbQui fera l&#8217;embolisation de l&rsquo;art\u00e8re prostatique?\u00a0\u00bb _builder_version=\u00a0\u00bb3.0.106&Prime; title_font=\u00a0\u00bb||||||||\u00a0\u00bb title_line_height=\u00a0\u00bb1.3em\u00a0\u00bb]<span class=\"wixGuard\">\u200b\u200bUn m\u00e9decin sp\u00e9cialement form\u00e9 appel\u00e9 radiologue interventionnel. Les radiologues interventionnels poss\u00e8dent une expertise particuli\u00e8re dans l&rsquo;utilisation d&rsquo;appareils \u00e0 rayons X, ainsi que dans l&rsquo;interpr\u00e9tation des images produites. Ils doivent regarder ces images tout en effectuant la proc\u00e9dure. <\/span><\/p>\n<p><span class=\"wixGuard\">Par cons\u00e9quent, les radiologues interventionnels sont les personnes les mieux form\u00e9es pour ins\u00e9rer des aiguilles et des cath\u00e9ters fins dans les vaisseaux sanguins, \u00e0 travers la peau, et les placer correctement.<\/span>[\/et_pb_toggle][\/et_pb_column][\/et_pb_row][et_pb_row _builder_version=\u00a0\u00bb3.25&Prime; column_structure=\u00a0\u00bb1_2,1_2&Prime;][et_pb_column type=\u00a0\u00bb1_2&Prime; _builder_version=\u00a0\u00bb3.25&Prime; custom_padding=\u00a0\u00bb|||\u00a0\u00bb custom_padding__hover=\u00a0\u00bb|||\u00a0\u00bb][et_pb_toggle title=\u00a0\u00bbComment puis-je me pr\u00e9parer \u00e0 l&#8217;embolisation de l&rsquo;art\u00e8re prostatique?\u00a0\u00bb _builder_version=\u00a0\u00bb3.0.106&Prime; title_font=\u00a0\u00bb||||||||\u00a0\u00bb title_line_height=\u00a0\u00bb1.3em\u00a0\u00bb]<\/p>\n<p class=\"font_8\">Une admission en h\u00f4pital de jour pour une proc\u00e9dure ambulatoire avec un retour chez vous le m\u00eame jour.<\/p>\n<p class=\"font_8\">Vous devez \u00eatre \u00e0 jeune quatre heures \u00e0 l&rsquo;avance&nbsp; (solides et liquides). Vous pouvez recevoir un s\u00e9datif pour soulager l&rsquo;anxi\u00e9t\u00e9. On vous demandera de mettre une blouse d&rsquo;h\u00f4pital. Comme la proc\u00e9dure est g\u00e9n\u00e9ralement effectu\u00e9e en utilisant la grosse art\u00e8re dans l&rsquo;aine, vous pouvez \u00eatre invit\u00e9 \u00e0 raser la peau autour de cette zone.<\/p>\n<p class=\"font_8\">Si vous avez des allergies, vous devez en informer votre m\u00e9decin. Si vous avez d\u00e9j\u00e0 r\u00e9agi&nbsp; \u00e0 l\u2019injection de produit de contraste intraveineux (le colorant utilis\u00e9 pour les scanners), vous devez \u00e9galement en informer votre m\u00e9decin.<\/p>\n<p>[\/et_pb_toggle][et_pb_toggle title=\u00a0\u00bbO\u00f9 est-ce que ce d\u00e9roulera la proc\u00e9dure?\u00a0\u00bb _builder_version=\u00a0\u00bb3.0.106&Prime; title_font=\u00a0\u00bb||||||||\u00a0\u00bb title_line_height=\u00a0\u00bb1.3em\u00a0\u00bb]<\/p>\n<p class=\"font_8\"><span class=\"wixGuard\">\u200b<\/span>G\u00e9n\u00e9ralement dans une salle de vasculaire avec des rayons X, qui est adapt\u00e9e pour des proc\u00e9dures de radiologies interventionnelles sp\u00e9cialis\u00e9es.<\/p>\n<p>[\/et_pb_toggle][\/et_pb_column][et_pb_column type=\u00a0\u00bb1_2&Prime; _builder_version=\u00a0\u00bb3.25&Prime; custom_padding=\u00a0\u00bb|||\u00a0\u00bb custom_padding__hover=\u00a0\u00bb|||\u00a0\u00bb][et_pb_toggle title=\u00a0\u00bbQue se passe-t-il au cours de l&#8217;embolisation de l&rsquo;art\u00e8re prostatique?\u00a0\u00bb _builder_version=\u00a0\u00bb3.0.106&Prime; title_font=\u00a0\u00bb||||||||\u00a0\u00bb title_line_height=\u00a0\u00bb1.3em\u00a0\u00bb]<\/p>\n<p class=\"font_8\"><a href=\"https:\/\/adenome-prostate.com\/quel-traitement-prostatique\/\">https:\/\/adenome-prostate.com\/quel-traitement-prostatique\/<\/a><\/p>\n<p>[\/et_pb_toggle][et_pb_toggle title=\u00a0\u00bbQuel est la dur\u00e9e de la proc\u00e9dure?\u00a0\u00bb _builder_version=\u00a0\u00bb3.0.106&Prime; title_font=\u00a0\u00bb||||||||\u00a0\u00bb title_line_height=\u00a0\u00bb1.3em\u00a0\u00bb]La situation pour chaque patient est diff\u00e9rente et il n&rsquo;est pas toujours facile de pr\u00e9voir la complexit\u00e9 ou la simplicit\u00e9 de la proc\u00e9dure. Certaines embolisations de l&rsquo;art\u00e8re prostatique ne prennent pas tr\u00e8s longtemps, peut-\u00eatre une heure. D&rsquo;autres embolisations peuvent \u00eatre plus longues jusqu\u2019\u00e0 deux heures[\/et_pb_toggle][\/et_pb_column][\/et_pb_row][et_pb_row _builder_version=\u00a0\u00bb3.25&Prime; column_structure=\u00a0\u00bb1_2,1_2&Prime;][et_pb_column type=\u00a0\u00bb1_2&Prime; _builder_version=\u00a0\u00bb3.25&Prime; custom_padding=\u00a0\u00bb|||\u00a0\u00bb custom_padding__hover=\u00a0\u00bb|||\u00a0\u00bb][et_pb_toggle title=\u00a0\u00bbApr\u00e8s l&rsquo;intervention, que ce passe-t-il?\u00a0\u00bb _builder_version=\u00a0\u00bb3.0.106&Prime; title_font=\u00a0\u00bb||||||||\u00a0\u00bb title_line_height=\u00a0\u00bb1.3em\u00a0\u00bb]<\/p>\n<p class=\"font_8\">Vous serez ramen\u00e9 en salle de reveil. Les infirmi\u00e8res effectueront des observations de routine, comme prendre votre pouls et la pression art\u00e9rielle, afin de s&rsquo;assurer qu&rsquo;il n&rsquo;y a pas d&rsquo;effets ind\u00e9sirables. Ils examineront \u00e9galement le point d&rsquo;entr\u00e9e de la peau pour s&rsquo;assurer qu&rsquo;il n&rsquo;y a aucun saignement de celui-ci. Une fois la douleur contr\u00f4l\u00e9e, vous serez transf\u00e9r\u00e9 dans votre chambre. Vous resterez au lit pendant 2h.<\/p>\n<p class=\"font_8\">Vous serez habituellement autoris\u00e9 \u00e0 rentrer chez vous apr\u00e8s quatre \u00e0 six heures. Une fois que vous \u00eates \u00e0 la maison, vous devriez vous reposer pendant trois ou quatre jours. On vous prescrira des analg\u00e9siques si n\u00e9cessaire.<\/p>\n<p class=\"font_8\">Si vous avez des allergies, vous devez en informer votre m\u00e9decin. Si vous avez d\u00e9j\u00e0 r\u00e9agi&nbsp; \u00e0 l\u2019injection de produit de contraste intraveineux (le colorant utilis\u00e9 pour les scanners), vous devez \u00e9galement en informer votre m\u00e9decin.<\/p>\n<p>[\/et_pb_toggle][\/et_pb_column][et_pb_column type=\u00a0\u00bb1_2&Prime; _builder_version=\u00a0\u00bb3.25&Prime; custom_padding=\u00a0\u00bb|||\u00a0\u00bb custom_padding__hover=\u00a0\u00bb|||\u00a0\u00bb][et_pb_toggle title=\u00a0\u00bbEst-ce que la proc\u00e9dure est douloureuse?\u00a0\u00bb _builder_version=\u00a0\u00bb3.0.106&Prime; title_font=\u00a0\u00bb||||||||\u00a0\u00bb title_line_height=\u00a0\u00bb1.3em\u00a0\u00bb]<span class=\"wixGuard\">\u200b<\/span>Lorsque l&rsquo;anesth\u00e9sique local est inject\u00e9, cela pourra vous piquer un peu. Par la suite vous ne sentirez plus rien[\/et_pb_toggle][\/et_pb_column][\/et_pb_row][et_pb_row _builder_version=\u00a0\u00bb3.25&Prime; column_structure=\u00a0\u00bb1_2,1_2&Prime;][et_pb_column type=\u00a0\u00bb1_2&Prime; _builder_version=\u00a0\u00bb3.25&Prime; custom_padding=\u00a0\u00bb|||\u00a0\u00bb custom_padding__hover=\u00a0\u00bb|||\u00a0\u00bb][et_pb_toggle title=\u00a0\u00bbQuels sont les r\u00e9sultats de l&#8217;embolisation prostatique?\u00a0\u00bb _builder_version=\u00a0\u00bb3.0.106&Prime; title_font=\u00a0\u00bb||||||||\u00a0\u00bb title_line_height=\u00a0\u00bb1.3em\u00a0\u00bb]<\/p>\n<p class=\"font_8\">Les r\u00e9sultats des \u00e9tudes sont excellentes. Plus de 70% des hommes obtiendront une am\u00e9lioration symptomatique apr\u00e8s PAE avec une r\u00e9duction des volumes de la prostate et une augmentation des d\u00e9bits urinaires. L\u2019impossibilit\u00e9 de rentrer dans les art\u00e8res prostatiques peut entra\u00eener des \u00e9checs techniques dans environ 10% des cas. En cas d&rsquo;\u00e9chec, une chirurgie TURP traditionnelle peut \u00eatre propos\u00e9e.<\/p>\n<p class=\"font_8\">Si vous avez des allergies, vous devez en informer votre m\u00e9decin. Si vous avez d\u00e9j\u00e0 r\u00e9agi&nbsp; \u00e0 l\u2019injection de produit de contraste intraveineux (le colorant utilis\u00e9 pour les scanners), vous devez \u00e9galement en informer votre m\u00e9decin.<\/p>\n<p>[\/et_pb_toggle][\/et_pb_column][et_pb_column type=\u00a0\u00bb1_2&Prime; _builder_version=\u00a0\u00bb3.25&Prime; custom_padding=\u00a0\u00bb|||\u00a0\u00bb custom_padding__hover=\u00a0\u00bb|||\u00a0\u00bb][et_pb_toggle title=\u00a0\u00bbY&rsquo;a-t-il des complications?\u00a0\u00bb _builder_version=\u00a0\u00bb3.0.106&Prime; title_font=\u00a0\u00bb||||||||\u00a0\u00bb title_line_height=\u00a0\u00bb1.3em\u00a0\u00bb]<\/p>\n<p class=\"font_8\">L&#8217;embolisation de l&rsquo;art\u00e8re prostatique est une nouvelle proc\u00e9dure. \u00c0 partir des donn\u00e9es publi\u00e9es elle semble \u00eatre s\u00fbr, mais il y&rsquo;a toujours un risque de complications qui peuvent survenir, comme avec tout traitement m\u00e9dical.<\/p>\n<p class=\"font_8\">Il peut parfois y avoir une petite ecchymose, appel\u00e9e h\u00e9matome, autour du site o\u00f9 l&rsquo;aiguille a \u00e9t\u00e9 ins\u00e9r\u00e9e, et c&rsquo;est tout \u00e0 fait normal. Si cela devient une ecchymose importante.<\/p>\n<div dir=\"auto\">Des complications mineurs \u00e0 type de sang dans les urines ou dans le sperme peuvent survenir de fa\u00e7on transitoire apr\u00e8s l\u2019embolisation.&nbsp;<\/div>\n<div dir=\"auto\">Le patient peut se plaindre de douleur du bas ventre pendant quelques semaine.<\/div>\n<div dir=\"auto\">Des complications graves mais tr\u00e8s rares ont \u00e9t\u00e9 rapport\u00e9s dans la litt\u00e9rature:<\/div>\n<p>&nbsp;-H\u00e9morragie v\u00e9sicale avec n\u00e9crose.<\/p>\n<p><span style=\"font-size: 14px;\">&#8211; N\u00e9crose rectale.&nbsp;<\/span><\/p>\n<p><span style=\"font-size: 14px;\">&#8211; Impuissance (exceptionnel).<\/span><\/p>\n<p>&nbsp;&#8211;<span style=\"font-size: 14px;\">N\u00e9crose p\u00e9nienne.<\/span><\/p>\n<div dir=\"auto\">La plupart des patients ressentent de la douleur apr\u00e8s; C&rsquo;est g\u00e9n\u00e9ralement faible. Tr\u00e8s occasionnellement une sonde urinaire peut avoir besoin d&rsquo;\u00eatre plac\u00e9.<\/div>\n<p>&nbsp;[\/et_pb_toggle][\/et_pb_column][\/et_pb_row][\/et_pb_section][et_pb_section fb_built=\u00a0\u00bb1&Prime; _builder_version=\u00a0\u00bb3.25.4&Prime; background_color=\u00a0\u00bbrgba(0,0,0,0.9)\u00a0\u00bb custom_padding=\u00a0\u00bb0px||8px|||\u00a0\u00bb global_module=\u00a0\u00bb1221&Prime;][et_pb_row column_structure=\u00a0\u00bb1_2,1_2&Prime; _builder_version=\u00a0\u00bb3.25.4&Prime; width=\u00a0\u00bb94%\u00a0\u00bb max_width=\u00a0\u00bb2560px\u00a0\u00bb][et_pb_column type=\u00a0\u00bb1_2&Prime; _builder_version=\u00a0\u00bb3.25.4&Prime;][et_pb_text _builder_version=\u00a0\u00bb3.25.4&Prime; text_font=\u00a0\u00bb||||||||\u00a0\u00bb text_text_align=\u00a0\u00bbleft\u00a0\u00bb text_font_size=\u00a0\u00bb11px\u00a0\u00bb]<\/p>\n<p><span>CENTRE D&rsquo;EMBOLISATION DE L&rsquo;AD\u00c9NOME DE PROSTATE Copyright \u00a9 &#8211; REVOSOFT<\/span><\/p>\n<p>[\/et_pb_text][\/et_pb_column][et_pb_column type=\u00a0\u00bb1_2&Prime; _builder_version=\u00a0\u00bb3.25.4&Prime;][et_pb_text _builder_version=\u00a0\u00bb3.25.4&Prime; max_width=\u00a0\u00bb77%\u00a0\u00bb]<\/p>\n<p style=\"text-align: right;\"><a href=\"https:\/\/adenome-prostate.com\/wp-content\/uploads\/2019\/07\/Mentions-l\u00e9gales-et-politique-de-confidentialit\u00e9-CEP.pdf\" target=\"_blank\" rel=\"noopener noreferrer\">Mentions l\u00e9gales<\/a><\/p>\n<p>[\/et_pb_text][\/et_pb_column][\/et_pb_row][\/et_pb_section]<\/p>\n","protected":false},"excerpt":{"rendered":"<p>Votre m\u00e9decin vous dis que c\u2019est encore en stade exp\u00e9rimentale, FAUX, la proc\u00e9dure \u00e0 plus d\u2019une dizaine ann\u00e9es avec plus de 400 articles dans la litt\u00e9rature. L\u2019embolisation est officiellement recommand\u00e9 en Angleterre par l\u2019autorit\u00e9 de sant\u00e9 comme traitement standard pour la prostate. Cette recommandation est en cours de validation aux USA.Bien au contraire, les risques [&hellip;]<\/p>\n","protected":false},"author":1,"featured_media":0,"parent":0,"menu_order":0,"comment_status":"closed","ping_status":"closed","template":"","meta":{"_et_pb_use_builder":"on","_et_pb_old_content":"","_et_gb_content_width":"","footnotes":""},"class_list":["post-511","page","type-page","status-publish","hentry"],"yoast_head":"<!-- This site is optimized with the Yoast SEO plugin v27.6 - https:\/\/yoast.com\/product\/yoast-seo-wordpress\/ -->\n<title>FAQ - Centre Embolisation Prostate - Quel diagnostique?<\/title>\n<meta name=\"description\" content=\"Questions sur l&#039;embolisation de la prostate. Comment puis-je me pr\u00e9parer \u00e0 l&#039;embolisation de l&#039;art\u00e8re prostatique? Quel diagnostique?\" \/>\n<meta name=\"robots\" content=\"index, follow, max-snippet:-1, max-image-preview:large, max-video-preview:-1\" \/>\n<link rel=\"canonical\" href=\"https:\/\/adenome-prostate.com\/en\/faq\/\" \/>\n<meta property=\"og:locale\" content=\"en_US\" \/>\n<meta property=\"og:type\" content=\"article\" \/>\n<meta property=\"og:title\" content=\"FAQ - Centre Embolisation Prostate - Quel diagnostique?\" \/>\n<meta property=\"og:description\" content=\"Questions sur l&#039;embolisation de la prostate. Comment puis-je me pr\u00e9parer \u00e0 l&#039;embolisation de l&#039;art\u00e8re prostatique? Quel diagnostique?\" \/>\n<meta property=\"og:url\" content=\"https:\/\/adenome-prostate.com\/en\/faq\/\" \/>\n<meta property=\"og:site_name\" content=\"Centre Embolisation Prostate\" \/>\n<meta property=\"article:modified_time\" content=\"2019-07-11T09:09:04+00:00\" \/>\n<meta name=\"twitter:card\" content=\"summary_large_image\" \/>\n<meta name=\"twitter:label1\" content=\"Est. reading time\" \/>\n\t<meta name=\"twitter:data1\" content=\"10 minutes\" \/>\n<script type=\"application\/ld+json\" class=\"yoast-schema-graph\">{\"@context\":\"https:\\\/\\\/schema.org\",\"@graph\":[{\"@type\":\"WebPage\",\"@id\":\"https:\\\/\\\/adenome-prostate.com\\\/faq\\\/\",\"url\":\"https:\\\/\\\/adenome-prostate.com\\\/faq\\\/\",\"name\":\"FAQ - Centre Embolisation Prostate - Quel diagnostique?\",\"isPartOf\":{\"@id\":\"https:\\\/\\\/adenome-prostate.com\\\/#website\"},\"datePublished\":\"2018-04-04T14:02:55+00:00\",\"dateModified\":\"2019-07-11T09:09:04+00:00\",\"description\":\"Questions sur l'embolisation de la prostate. Comment puis-je me pr\u00e9parer \u00e0 l'embolisation de l'art\u00e8re prostatique? Quel diagnostique?\",\"breadcrumb\":{\"@id\":\"https:\\\/\\\/adenome-prostate.com\\\/faq\\\/#breadcrumb\"},\"inLanguage\":\"en-US\",\"potentialAction\":[{\"@type\":\"ReadAction\",\"target\":[\"https:\\\/\\\/adenome-prostate.com\\\/faq\\\/\"]}]},{\"@type\":\"BreadcrumbList\",\"@id\":\"https:\\\/\\\/adenome-prostate.com\\\/faq\\\/#breadcrumb\",\"itemListElement\":[{\"@type\":\"ListItem\",\"position\":1,\"name\":\"Home\",\"item\":\"https:\\\/\\\/adenome-prostate.com\\\/\"},{\"@type\":\"ListItem\",\"position\":2,\"name\":\"FAQ\"}]},{\"@type\":\"WebSite\",\"@id\":\"https:\\\/\\\/adenome-prostate.com\\\/#website\",\"url\":\"https:\\\/\\\/adenome-prostate.com\\\/\",\"name\":\"Centre Embolisation Prostate\",\"description\":\"Chirurgie Prostate Th\u00e9rapeutique\",\"publisher\":{\"@id\":\"https:\\\/\\\/adenome-prostate.com\\\/#organization\"},\"potentialAction\":[{\"@type\":\"SearchAction\",\"target\":{\"@type\":\"EntryPoint\",\"urlTemplate\":\"https:\\\/\\\/adenome-prostate.com\\\/?s={search_term_string}\"},\"query-input\":{\"@type\":\"PropertyValueSpecification\",\"valueRequired\":true,\"valueName\":\"search_term_string\"}}],\"inLanguage\":\"en-US\"},{\"@type\":\"Organization\",\"@id\":\"https:\\\/\\\/adenome-prostate.com\\\/#organization\",\"name\":\"Centre d'Embolisation Prostate Paris\",\"url\":\"https:\\\/\\\/adenome-prostate.com\\\/\",\"logo\":{\"@type\":\"ImageObject\",\"inLanguage\":\"en-US\",\"@id\":\"https:\\\/\\\/adenome-prostate.com\\\/#\\\/schema\\\/logo\\\/image\\\/\",\"url\":\"https:\\\/\\\/adenome-prostate.com\\\/wp-content\\\/uploads\\\/2018\\\/06\\\/CEA.png\",\"contentUrl\":\"https:\\\/\\\/adenome-prostate.com\\\/wp-content\\\/uploads\\\/2018\\\/06\\\/CEA.png\",\"width\":450,\"height\":450,\"caption\":\"Centre d'Embolisation Prostate Paris\"},\"image\":{\"@id\":\"https:\\\/\\\/adenome-prostate.com\\\/#\\\/schema\\\/logo\\\/image\\\/\"},\"sameAs\":[\"https:\\\/\\\/www.linkedin.com\\\/company\\\/centre-embolisation-prostate\\\/\"]}]}<\/script>\n<!-- \/ Yoast SEO plugin. -->","yoast_head_json":{"title":"FAQ - Centre Embolisation Prostate - Which diagnosis?","description":"Questions about prostate embolization. How can I prepare for prostate artery embolization? What is the diagnosis?","robots":{"index":"index","follow":"follow","max-snippet":"max-snippet:-1","max-image-preview":"max-image-preview:large","max-video-preview":"max-video-preview:-1"},"canonical":"https:\/\/adenome-prostate.com\/en\/faq\/","og_locale":"en_US","og_type":"article","og_title":"FAQ - Centre Embolisation Prostate - Quel diagnostique?","og_description":"Questions sur l'embolisation de la prostate. Comment puis-je me pr\u00e9parer \u00e0 l'embolisation de l'art\u00e8re prostatique? Quel diagnostique?","og_url":"https:\/\/adenome-prostate.com\/en\/faq\/","og_site_name":"Centre Embolisation Prostate","article_modified_time":"2019-07-11T09:09:04+00:00","twitter_card":"summary_large_image","twitter_misc":{"Est. reading time":"10 minutes"},"schema":{"@context":"https:\/\/schema.org","@graph":[{"@type":"WebPage","@id":"https:\/\/adenome-prostate.com\/faq\/","url":"https:\/\/adenome-prostate.com\/faq\/","name":"FAQ - Centre Embolisation Prostate - Which diagnosis?","isPartOf":{"@id":"https:\/\/adenome-prostate.com\/#website"},"datePublished":"2018-04-04T14:02:55+00:00","dateModified":"2019-07-11T09:09:04+00:00","description":"Questions about prostate embolization. How can I prepare for prostate artery embolization? What is the diagnosis?","breadcrumb":{"@id":"https:\/\/adenome-prostate.com\/faq\/#breadcrumb"},"inLanguage":"en-US","potentialAction":[{"@type":"ReadAction","target":["https:\/\/adenome-prostate.com\/faq\/"]}]},{"@type":"BreadcrumbList","@id":"https:\/\/adenome-prostate.com\/faq\/#breadcrumb","itemListElement":[{"@type":"ListItem","position":1,"name":"Home","item":"https:\/\/adenome-prostate.com\/"},{"@type":"ListItem","position":2,"name":"FAQ"}]},{"@type":"WebSite","@id":"https:\/\/adenome-prostate.com\/#website","url":"https:\/\/adenome-prostate.com\/","name":"Prostate Embolization Center","description":"Therapeutic Prostate Surgery","publisher":{"@id":"https:\/\/adenome-prostate.com\/#organization"},"potentialAction":[{"@type":"SearchAction","target":{"@type":"EntryPoint","urlTemplate":"https:\/\/adenome-prostate.com\/?s={search_term_string}"},"query-input":{"@type":"PropertyValueSpecification","valueRequired":true,"valueName":"search_term_string"}}],"inLanguage":"en-US"},{"@type":"Organization","@id":"https:\/\/adenome-prostate.com\/#organization","name":"Prostate Embolization Center Paris","url":"https:\/\/adenome-prostate.com\/","logo":{"@type":"ImageObject","inLanguage":"en-US","@id":"https:\/\/adenome-prostate.com\/#\/schema\/logo\/image\/","url":"https:\/\/adenome-prostate.com\/wp-content\/uploads\/2018\/06\/CEA.png","contentUrl":"https:\/\/adenome-prostate.com\/wp-content\/uploads\/2018\/06\/CEA.png","width":450,"height":450,"caption":"Centre d'Embolisation Prostate Paris"},"image":{"@id":"https:\/\/adenome-prostate.com\/#\/schema\/logo\/image\/"},"sameAs":["https:\/\/www.linkedin.com\/company\/centre-embolisation-prostate\/"]}]}},"_links":{"self":[{"href":"https:\/\/adenome-prostate.com\/en\/wp-json\/wp\/v2\/pages\/511","targetHints":{"allow":["GET"]}}],"collection":[{"href":"https:\/\/adenome-prostate.com\/en\/wp-json\/wp\/v2\/pages"}],"about":[{"href":"https:\/\/adenome-prostate.com\/en\/wp-json\/wp\/v2\/types\/page"}],"author":[{"embeddable":true,"href":"https:\/\/adenome-prostate.com\/en\/wp-json\/wp\/v2\/users\/1"}],"replies":[{"embeddable":true,"href":"https:\/\/adenome-prostate.com\/en\/wp-json\/wp\/v2\/comments?post=511"}],"version-history":[{"count":0,"href":"https:\/\/adenome-prostate.com\/en\/wp-json\/wp\/v2\/pages\/511\/revisions"}],"wp:attachment":[{"href":"https:\/\/adenome-prostate.com\/en\/wp-json\/wp\/v2\/media?parent=511"}],"curies":[{"name":"wp","href":"https:\/\/api.w.org\/{rel}","templated":true}]}}