{"id":899,"date":"2019-03-04T19:38:34","date_gmt":"2019-03-04T19:38:34","guid":{"rendered":"https:\/\/adenome-prostate.com\/?page_id=899"},"modified":"2024-11-07T09:33:15","modified_gmt":"2024-11-07T09:33:15","slug":"scientific-press","status":"publish","type":"page","link":"https:\/\/adenome-prostate.com\/en\/presse-scientifique\/","title":{"rendered":"Scientific press"},"content":{"rendered":"<p>[et_pb_section fb_built=\u00a0\u00bb1&Prime; make_equal=\u00a0\u00bbon\u00a0\u00bb use_custom_gutter=\u00a0\u00bbon\u00a0\u00bb gutter_width=\u00a0\u00bb1&Prime; specialty=\u00a0\u00bbon\u00a0\u00bb background_color_1=\u00a0\u00bbrgba(0,11,48,0.82)\u00a0\u00bb padding_right_1=\u00a0\u00bb0px\u00a0\u00bb padding_bottom_1=\u00a0\u00bb0px\u00a0\u00bb padding_bottom_2=\u00a0\u00bb0px\u00a0\u00bb padding_left_1=\u00a0\u00bb0px\u00a0\u00bb padding_left_2=\u00a0\u00bb0px\u00a0\u00bb padding_top_bottom_link_1=\u00a0\u00bbfalse\u00a0\u00bb padding_top_bottom_link_2=\u00a0\u00bbfalse\u00a0\u00bb padding_left_right_link_1=\u00a0\u00bbfalse\u00a0\u00bb padding_left_right_link_2=\u00a0\u00bbfalse\u00a0\u00bb admin_label=\u00a0\u00bbHeader\u00a0\u00bb _builder_version=\u00a0\u00bb4.27.2&Prime; _module_preset=\u00a0\u00bbdefault\u00a0\u00bb inner_width=\u00a0\u00bb70%\u00a0\u00bb inner_width_tablet=\u00a0\u00bb66%\u00a0\u00bb inner_width_phone=\u00a0\u00bb100%\u00a0\u00bb inner_width_last_edited=\u00a0\u00bbon|phone\u00a0\u00bb inner_max_width=\u00a0\u00bb100%\u00a0\u00bb custom_padding=\u00a0\u00bb0px||0px|0px|true|false\u00a0\u00bb border_color_all=\u00a0\u00bb#0E2D41&Prime; border_width_bottom=\u00a0\u00bb2px\u00a0\u00bb locked=\u00a0\u00bboff\u00a0\u00bb collapsed=\u00a0\u00bbon\u00a0\u00bb global_colors_info=\u00a0\u00bb{}\u00a0\u00bb][et_pb_column type=\u00a0\u00bb1_2&Prime; _builder_version=\u00a0\u00bb4.16&Prime; _module_preset=\u00a0\u00bbdefault\u00a0\u00bb custom_padding=\u00a0\u00bb|||\u00a0\u00bb global_colors_info=\u00a0\u00bb{}\u00a0\u00bb custom_padding__hover=\u00a0\u00bb|||\u00a0\u00bb][et_pb_divider show_divider=\u00a0\u00bboff\u00a0\u00bb _builder_version=\u00a0\u00bb4.27.2&Prime; _module_preset=\u00a0\u00bbdefault\u00a0\u00bb height_tablet=\u00a0\u00bb40vw\u00a0\u00bb height_phone=\u00a0\u00bb40vw\u00a0\u00bb height_last_edited=\u00a0\u00bbon|desktop\u00a0\u00bb hover_enabled=\u00a0\u00bb0&Prime; locked=\u00a0\u00bboff\u00a0\u00bb global_colors_info=\u00a0\u00bb{}\u00a0\u00bb disabled_on=\u00a0\u00bbon|off|off\u00a0\u00bb sticky_enabled=\u00a0\u00bb0&Prime;][\/et_pb_divider][\/et_pb_column][et_pb_column type=\u00a0\u00bb1_2&Prime; specialty_columns=\u00a0\u00bb2&Prime; _builder_version=\u00a0\u00bb4.16&Prime; _module_preset=\u00a0\u00bbdefault\u00a0\u00bb custom_padding=\u00a0\u00bb|||\u00a0\u00bb global_colors_info=\u00a0\u00bb{}\u00a0\u00bb custom_padding__hover=\u00a0\u00bb|||\u00a0\u00bb][et_pb_row_inner _builder_version=\u00a0\u00bb4.19.3&Prime; _module_preset=\u00a0\u00bbdefault\u00a0\u00bb custom_padding=\u00a0\u00bb6%|6%|6%|6%|true|true\u00a0\u00bb border_color_all=\u00a0\u00bb#0E2D41&Prime; border_width_left=\u00a0\u00bb2px\u00a0\u00bb global_colors_info=\u00a0\u00bb{}\u00a0\u00bb][et_pb_column_inner saved_specialty_column_type=\u00a0\u00bb1_2&Prime; _builder_version=\u00a0\u00bb4.19.3&Prime; _module_preset=\u00a0\u00bbdefault\u00a0\u00bb global_colors_info=\u00a0\u00bb{}\u00a0\u00bb][et_pb_text _builder_version=\u00a0\u00bb4.27.2&Prime; _module_preset=\u00a0\u00bb86046e7e-b995-487a-999f-a9fb0fcb792a\u00a0\u00bb header_font=\u00a0\u00bb|600|||||||\u00a0\u00bb header_font_size=\u00a0\u00bb43px\u00a0\u00bb global_colors_info=\u00a0\u00bb{}\u00a0\u00bb]<\/p>\n<h1 class=\"et_pb_module_header et-fb-editable-element et-fb-editable-element__editing\" data-shortcode-id=\"0.0-1668897408863\" data-quickaccess-id=\"title\" contenteditable=\"true\">Presse scientifique sur la technique d&#8217;embolisation des art\u00e8res prostatique<\/h1>\n<p>[\/et_pb_text][\/et_pb_column_inner][\/et_pb_row_inner][\/et_pb_column][\/et_pb_section][et_pb_section fb_built=\u00a0\u00bb1&Prime; admin_label=\u00a0\u00bbCall to Action\u00a0\u00bb _builder_version=\u00a0\u00bb4.19.3&Prime; _module_preset=\u00a0\u00bbdefault\u00a0\u00bb locked=\u00a0\u00bboff\u00a0\u00bb collapsed=\u00a0\u00bbon\u00a0\u00bb global_colors_info=\u00a0\u00bb{}\u00a0\u00bb][et_pb_row column_structure=\u00a0\u00bb1_2,1_2&Prime; _builder_version=\u00a0\u00bb4.27.2&Prime; width=\u00a0\u00bb70%\u00a0\u00bb max_width=\u00a0\u00bb100%\u00a0\u00bb global_colors_info=\u00a0\u00bb{}\u00a0\u00bb][et_pb_column type=\u00a0\u00bb1_2&Prime; _builder_version=\u00a0\u00bb4.16&Prime; custom_padding=\u00a0\u00bb|||\u00a0\u00bb global_colors_info=\u00a0\u00bb{}\u00a0\u00bb custom_padding__hover=\u00a0\u00bb|||\u00a0\u00bb][et_pb_text _builder_version=\u00a0\u00bb4.27.2&Prime; header_2_font=\u00a0\u00bb&#8211;et_global_heading_font|600|||||||\u00a0\u00bb header_2_text_color=\u00a0\u00bbRGBA(0,11,48,0.82)\u00a0\u00bb header_2_font_size=\u00a0\u00bb30px\u00a0\u00bb header_2_line_height=\u00a0\u00bb1.4em\u00a0\u00bb global_colors_info=\u00a0\u00bb{}\u00a0\u00bb]<\/p>\n<h2>La presse parle de l&#8217;embolisation de la prostate<\/h2>\n<p>[\/et_pb_text][et_pb_image src=\u00a0\u00bbhttps:\/\/adenome-prostate.com\/wp-content\/uploads\/2018\/06\/PARISMATCH.jpg\u00a0\u00bb url=\u00a0\u00bbhttps:\/\/www.parismatch.com\/Actu\/Sante\/Adenome-prostatique-le-traitement-par-embolisation-1614428&Prime; url_new_window=\u00a0\u00bbon\u00a0\u00bb align_tablet=\u00a0\u00bbcenter\u00a0\u00bb align_phone=\u00a0\u00bb\u00a0\u00bb align_last_edited=\u00a0\u00bbon|desktop\u00a0\u00bb _builder_version=\u00a0\u00bb4.16&Prime; max_width=\u00a0\u00bb70%\u00a0\u00bb module_alignment=\u00a0\u00bbleft\u00a0\u00bb global_colors_info=\u00a0\u00bb{}\u00a0\u00bb][\/et_pb_image][et_pb_text _builder_version=\u00a0\u00bb4.16&Prime; header_font=\u00a0\u00bbMontserrat||||||||\u00a0\u00bb header_text_color=\u00a0\u00bb#000000&Prime; custom_margin=\u00a0\u00bb|||\u00a0\u00bb custom_margin_tablet=\u00a0\u00bb22px|||\u00a0\u00bb custom_margin_phone=\u00a0\u00bb\u00a0\u00bb custom_margin_last_edited=\u00a0\u00bbon|desktop\u00a0\u00bb custom_padding=\u00a0\u00bb||0px|\u00a0\u00bb global_colors_info=\u00a0\u00bb{}\u00a0\u00bb]<\/p>\n<p style=\"text-align: left; padding-left: 30px;\"><a href=\"http:\/\/www.parismatch.com\/Actu\/Sante\/Adenome-de-la-prostate-l-embolisation-arrive-en-France-1106162\">L&#8217;embolisation de l&rsquo;art\u00e8re prostatique<\/a><\/p>\n<p>[\/et_pb_text][et_pb_image src=\u00a0\u00bbhttps:\/\/adenome-prostate.com\/wp-content\/uploads\/2018\/06\/ceapitnew.jpg\u00a0\u00bb url=\u00a0\u00bbhttps:\/\/interventionalnews.com\/prostatic-artery-embolization-improves-luts\/\u00a0\u00bb align_tablet=\u00a0\u00bbcenter\u00a0\u00bb align_phone=\u00a0\u00bb\u00a0\u00bb align_last_edited=\u00a0\u00bbon|desktop\u00a0\u00bb _builder_version=\u00a0\u00bb4.16&Prime; max_width=\u00a0\u00bb70%\u00a0\u00bb module_alignment=\u00a0\u00bbleft\u00a0\u00bb global_colors_info=\u00a0\u00bb{}\u00a0\u00bb][\/et_pb_image][et_pb_text _builder_version=\u00a0\u00bb4.16&Prime; custom_margin=\u00a0\u00bb|||\u00a0\u00bb global_colors_info=\u00a0\u00bb{}\u00a0\u00bb]<\/p>\n<p style=\"text-align: left;\"><a href=\"https:\/\/interventionalnews.com\/prostatic-artery-embolization-improves-luts\/\">Am\u00e9lioration des sympt\u00f4me suite <\/a><a href=\"https:\/\/interventionalnews.com\/prostatic-artery-embolization-improves-luts\/\">\u00e0 une embolisation\u00a0<\/a><\/p>\n<p>[\/et_pb_text][et_pb_image src=\u00a0\u00bbhttps:\/\/adenome-prostate.com\/wp-content\/uploads\/2018\/07\/IN3-1.jpg\u00a0\u00bb url=\u00a0\u00bbhttps:\/\/interventionalnews.com\/uks-nice-recommends-prostate-artery-embolization\/\u00a0\u00bb align_tablet=\u00a0\u00bbcenter\u00a0\u00bb align_phone=\u00a0\u00bb\u00a0\u00bb align_last_edited=\u00a0\u00bbon|desktop\u00a0\u00bb _builder_version=\u00a0\u00bb4.16&Prime; max_width=\u00a0\u00bb70%\u00a0\u00bb module_alignment=\u00a0\u00bbleft\u00a0\u00bb global_colors_info=\u00a0\u00bb{}\u00a0\u00bb][\/et_pb_image][et_pb_text _builder_version=\u00a0\u00bb4.16&Prime; custom_margin=\u00a0\u00bb|||\u00a0\u00bb global_colors_info=\u00a0\u00bb{}\u00a0\u00bb]<\/p>\n<p style=\"text-align: left;\"><a href=\"https:\/\/interventionalnews.com\/uks-nice-recommends-prostate-artery-embolization\/\">Recommendations de l&#8217;embolisation au Royaume-Uni.<\/a><\/p>\n<p>[\/et_pb_text][\/et_pb_column][et_pb_column type=\u00a0\u00bb1_2&Prime; _builder_version=\u00a0\u00bb4.16&Prime; custom_padding=\u00a0\u00bb|||\u00a0\u00bb global_colors_info=\u00a0\u00bb{}\u00a0\u00bb custom_padding__hover=\u00a0\u00bb|||\u00a0\u00bb][et_pb_text _builder_version=\u00a0\u00bb4.27.2&Prime; header_2_font=\u00a0\u00bb&#8211;et_global_heading_font|600|||||||\u00a0\u00bb header_2_text_color=\u00a0\u00bbRGBA(0,11,48,0.82)\u00a0\u00bb header_2_font_size=\u00a0\u00bb30px\u00a0\u00bb header_2_line_height=\u00a0\u00bb1.4em\u00a0\u00bb global_colors_info=\u00a0\u00bb{}\u00a0\u00bb]<\/p>\n<h2>Publications scientifiques sur l&#8217;embolisation de la prostate<\/h2>\n<p>[\/et_pb_text][et_pb_text _builder_version=\u00a0\u00bb4.27.2&Prime; text_font=\u00a0\u00bb&#8211;et_global_heading_font||||||||\u00a0\u00bb text_text_color=\u00a0\u00bb#000000&Prime; text_line_height=\u00a0\u00bb1.3em\u00a0\u00bb custom_margin=\u00a0\u00bb-1px||\u00a0\u00bb custom_padding=\u00a0\u00bb12px|||18px\u00a0\u00bb border_width_left=\u00a0\u00bb5px\u00a0\u00bb global_colors_info=\u00a0\u00bb{}\u00a0\u00bb]<\/p>\n<p><em><span style=\"text-decoration: underline; color: #186c9e;\"><a href=\"https:\/\/www.goldjournal.net\/article\/S0090-4295(18)30744-1\/fulltext\" target=\"_blank\" rel=\"noopener noreferrer\" title=\"Etude sur le succ\u00e8s de l'embolisation prostatique\" style=\"color: #186c9e; text-decoration: underline;\"><span class=\"highlight\">Prostate<\/span> <span class=\"highlight\">Artery<\/span> <span class=\"highlight\">Embolization<\/span> for Lower Urinary Tract Symptoms Secondary to Benign Prostatic Hyperplasia: Results From a Prospective FDA-Approved Investigational Device Exemption Study.<\/a><\/span><\/em><\/p>\n<p><span class=\"jrnl\" title=\"Urology\">Urology<\/span><span>. 2018<\/span><\/p>\n<p><em><span style=\"text-decoration: underline; color: #186c9e;\"><a href=\"https:\/\/www.thieme-connect.com\/products\/ejournals\/abstract\/10.1055\/a-0612-8067\" target=\"_blank\" rel=\"noopener noreferrer\" title=\"Embolisation Indication, technique et r\u00e9sultats\" style=\"color: #186c9e; text-decoration: underline;\">Prostate Artery Embolization: Indication, Technique and Clinical Results<\/a><\/span><\/em><\/p>\n<p><span>Georg Thieme. 2018<\/span><\/p>\n<p><em><span style=\"text-decoration: underline; color: #186c9e;\"><a href=\"https:\/\/www.ncbi.nlm.nih.gov\/pubmed\/30761787\" target=\"_blank\" rel=\"noopener noreferrer\" title=\"Prostatic artery embolization\" style=\"color: #186c9e; text-decoration: underline;\">First experience with <span class=\"highlight\">prostate<\/span> <span class=\"highlight\">artery<\/span> <span class=\"highlight\">embolization<\/span> for benign prostatic hyperplasia<\/a><\/span><\/em><\/p>\n<p><span class=\"jrnl\" title=\"Urologiia (Moscow, Russia : 1999)\">Urologiia<\/span>. 2018<\/p>\n<p><em><span style=\"text-decoration: underline; color: #186c9e;\"><a href=\"https:\/\/www.ncbi.nlm.nih.gov\/pubmed\/30800193\" ref=\"ordinalpos=4&amp;ncbi_uid=30800193&amp;link_uid=30800193&amp;linksrc=docsum_title\" target=\"_blank\" rel=\"noopener noreferrer\" title=\"Embolisation prostate\" style=\"color: #186c9e; text-decoration: underline;\">Prostate artery embolisation: an initial experience from an Indian perspective.<\/a><\/span><\/em><\/p>\n<p><span class=\"jrnl\" title=\"Polish journal of radiology\">Pol J Radiol<\/span>. 2018<\/p>\n<p><em><span style=\"text-decoration: underline; color: #186c9e;\"><a href=\"https:\/\/journals.sagepub.com\/doi\/abs\/10.1177\/0284185118813709?rfr_dat=cr_pub%3Dpubmed&amp;url_ver=Z39.88-2003&amp;rfr_id=ori%3Arid%3Acrossref.org&amp;journalCode=acrc\" target=\"_blank\" rel=\"noopener noreferrer\" title=\"Resultat Embolisation prostate\" style=\"color: #186c9e; text-decoration: underline;\">Outcome after prostatic artery embolization in patients with symptomatic benign prostatic hyperplasia.<\/a><\/span><\/em><\/p>\n<p><span class=\"jrnl\" title=\"Acta radiologica (Stockholm, Sweden : 1987)\">Acta Radiol<\/span><span>. 2018<\/span><\/p>\n<p><em><span style=\"text-decoration: underline; color: #186c9e;\"><a href=\"https:\/\/link.springer.com\/article\/10.1007%2Fs00330-018-5564-2\" target=\"_blank\" rel=\"noopener noreferrer\" title=\"Embolisation art\u00e8re prostatique\" style=\"color: #186c9e; text-decoration: underline;\"><span class=\"highlight\">Prostate<\/span> <span class=\"highlight\">artery<\/span> embolisation for benign prostatic hyperplasia: a systematic review and meta-analysis.<\/a><\/span><\/em><\/p>\n<p>Springer. 2019<\/p>\n<p><em><span style=\"text-decoration: underline; color: #186c9e;\"><a href=\"https:\/\/www.jvir.org\/article\/S1051-0443(18)31210-7\/fulltext\" target=\"_blank\" rel=\"noopener noreferrer\" title=\"Etude sur la prostate\" style=\"color: #186c9e; text-decoration: underline;\"><span class=\"highlight\">Prostate<\/span> <span class=\"highlight\">Artery<\/span> <span class=\"highlight\">Embolization<\/span> in Patients with <span class=\"highlight\">Prostate<\/span> Volumes of 80 mL or More: A Single-Institution Retrospective Experience of 93 Patients.<\/a><\/span><\/em><\/p>\n<p><span class=\"jrnl\" title=\"Journal of vascular and interventional radiology : JVIR\">J Vasc Interv Radiol<\/span><span>. 2018<\/span><\/p>\n<p>&nbsp;<\/p>\n<p>&nbsp;<\/p>\n<p>&nbsp;<\/p>\n<p>[\/et_pb_text][\/et_pb_column][\/et_pb_row][\/et_pb_section]<\/p>\n","protected":false},"excerpt":{"rendered":"<p>Presse scientifique sur la technique d&#8217;embolisation des art\u00e8res prostatiqueLa presse parle de l&#8217;embolisation de la prostateL&#8217;embolisation de l&rsquo;art\u00e8re prostatiqueAm\u00e9lioration des sympt\u00f4me suite \u00e0 une embolisation\u00a0Recommendations de l&#8217;embolisation au Royaume-Uni.Publications scientifiques sur l&#8217;embolisation de la prostateProstate Artery Embolization for Lower Urinary Tract Symptoms Secondary to Benign Prostatic Hyperplasia: Results From a Prospective FDA-Approved Investigational Device Exemption [&hellip;]<\/p>\n","protected":false},"author":1,"featured_media":0,"parent":0,"menu_order":0,"comment_status":"closed","ping_status":"closed","template":"","meta":{"_et_pb_use_builder":"on","_et_pb_old_content":"","_et_gb_content_width":"","footnotes":""},"class_list":["post-899","page","type-page","status-publish","hentry"],"yoast_head":"<!-- This site is optimized with the Yoast SEO plugin v27.4 - https:\/\/yoast.com\/product\/yoast-seo-wordpress\/ -->\n<title>Presse scientifique - Centre Embolisation Prostate<\/title>\n<meta name=\"description\" content=\"Les textes scientifiques et \u00e9tudes montre la r\u00e9ussite de l&#039;embolisation de l&#039;art\u00e8re prostatique. Une nouvelle technique peu invasive.\" \/>\n<meta name=\"robots\" content=\"index, follow, max-snippet:-1, max-image-preview:large, max-video-preview:-1\" \/>\n<link rel=\"canonical\" href=\"https:\/\/adenome-prostate.com\/en\/scientific-press\/\" \/>\n<meta property=\"og:locale\" content=\"en_US\" \/>\n<meta property=\"og:type\" content=\"article\" \/>\n<meta property=\"og:title\" content=\"Presse scientifique - Centre Embolisation Prostate\" \/>\n<meta property=\"og:description\" content=\"Les textes scientifiques et \u00e9tudes montre la r\u00e9ussite de l&#039;embolisation de l&#039;art\u00e8re prostatique. Une nouvelle technique peu invasive.\" \/>\n<meta property=\"og:url\" content=\"https:\/\/adenome-prostate.com\/en\/scientific-press\/\" \/>\n<meta property=\"og:site_name\" content=\"Centre Embolisation Prostate\" \/>\n<meta property=\"article:modified_time\" content=\"2024-11-07T09:33:15+00:00\" \/>\n<meta name=\"twitter:card\" content=\"summary_large_image\" \/>\n<meta name=\"twitter:label1\" content=\"Est. reading time\" \/>\n\t<meta name=\"twitter:data1\" content=\"4 minutes\" \/>\n<script type=\"application\/ld+json\" class=\"yoast-schema-graph\">{\"@context\":\"https:\\\/\\\/schema.org\",\"@graph\":[{\"@type\":\"WebPage\",\"@id\":\"https:\\\/\\\/adenome-prostate.com\\\/presse-scientifique\\\/\",\"url\":\"https:\\\/\\\/adenome-prostate.com\\\/presse-scientifique\\\/\",\"name\":\"Presse scientifique - Centre Embolisation Prostate\",\"isPartOf\":{\"@id\":\"https:\\\/\\\/adenome-prostate.com\\\/#website\"},\"datePublished\":\"2019-03-04T19:38:34+00:00\",\"dateModified\":\"2024-11-07T09:33:15+00:00\",\"description\":\"Les textes scientifiques et \u00e9tudes montre la r\u00e9ussite de l'embolisation de l'art\u00e8re prostatique. Une nouvelle technique peu invasive.\",\"breadcrumb\":{\"@id\":\"https:\\\/\\\/adenome-prostate.com\\\/presse-scientifique\\\/#breadcrumb\"},\"inLanguage\":\"en-US\",\"potentialAction\":[{\"@type\":\"ReadAction\",\"target\":[\"https:\\\/\\\/adenome-prostate.com\\\/presse-scientifique\\\/\"]}]},{\"@type\":\"BreadcrumbList\",\"@id\":\"https:\\\/\\\/adenome-prostate.com\\\/presse-scientifique\\\/#breadcrumb\",\"itemListElement\":[{\"@type\":\"ListItem\",\"position\":1,\"name\":\"Home\",\"item\":\"https:\\\/\\\/adenome-prostate.com\\\/\"},{\"@type\":\"ListItem\",\"position\":2,\"name\":\"Presse scientifique\"}]},{\"@type\":\"WebSite\",\"@id\":\"https:\\\/\\\/adenome-prostate.com\\\/#website\",\"url\":\"https:\\\/\\\/adenome-prostate.com\\\/\",\"name\":\"Centre Embolisation Prostate\",\"description\":\"Chirurgie Prostate Th\u00e9rapeutique\",\"publisher\":{\"@id\":\"https:\\\/\\\/adenome-prostate.com\\\/#organization\"},\"potentialAction\":[{\"@type\":\"SearchAction\",\"target\":{\"@type\":\"EntryPoint\",\"urlTemplate\":\"https:\\\/\\\/adenome-prostate.com\\\/?s={search_term_string}\"},\"query-input\":{\"@type\":\"PropertyValueSpecification\",\"valueRequired\":true,\"valueName\":\"search_term_string\"}}],\"inLanguage\":\"en-US\"},{\"@type\":\"Organization\",\"@id\":\"https:\\\/\\\/adenome-prostate.com\\\/#organization\",\"name\":\"Centre d'Embolisation Prostate Paris\",\"url\":\"https:\\\/\\\/adenome-prostate.com\\\/\",\"logo\":{\"@type\":\"ImageObject\",\"inLanguage\":\"en-US\",\"@id\":\"https:\\\/\\\/adenome-prostate.com\\\/#\\\/schema\\\/logo\\\/image\\\/\",\"url\":\"https:\\\/\\\/adenome-prostate.com\\\/wp-content\\\/uploads\\\/2018\\\/06\\\/CEA.png\",\"contentUrl\":\"https:\\\/\\\/adenome-prostate.com\\\/wp-content\\\/uploads\\\/2018\\\/06\\\/CEA.png\",\"width\":450,\"height\":450,\"caption\":\"Centre d'Embolisation Prostate Paris\"},\"image\":{\"@id\":\"https:\\\/\\\/adenome-prostate.com\\\/#\\\/schema\\\/logo\\\/image\\\/\"},\"sameAs\":[\"https:\\\/\\\/www.linkedin.com\\\/company\\\/centre-embolisation-prostate\\\/\"]}]}<\/script>\n<!-- \/ Yoast SEO plugin. -->","yoast_head_json":{"title":"Scientific press - Centre Embolisation Prostate","description":"Scientific texts and studies demonstrate the success of prostatic artery embolization. A new, minimally invasive technique.","robots":{"index":"index","follow":"follow","max-snippet":"max-snippet:-1","max-image-preview":"max-image-preview:large","max-video-preview":"max-video-preview:-1"},"canonical":"https:\/\/adenome-prostate.com\/en\/scientific-press\/","og_locale":"en_US","og_type":"article","og_title":"Presse scientifique - Centre Embolisation Prostate","og_description":"Les textes scientifiques et \u00e9tudes montre la r\u00e9ussite de l'embolisation de l'art\u00e8re prostatique. Une nouvelle technique peu invasive.","og_url":"https:\/\/adenome-prostate.com\/en\/scientific-press\/","og_site_name":"Centre Embolisation Prostate","article_modified_time":"2024-11-07T09:33:15+00:00","twitter_card":"summary_large_image","twitter_misc":{"Est. reading time":"4 minutes"},"schema":{"@context":"https:\/\/schema.org","@graph":[{"@type":"WebPage","@id":"https:\/\/adenome-prostate.com\/presse-scientifique\/","url":"https:\/\/adenome-prostate.com\/presse-scientifique\/","name":"Scientific press - Centre Embolisation Prostate","isPartOf":{"@id":"https:\/\/adenome-prostate.com\/#website"},"datePublished":"2019-03-04T19:38:34+00:00","dateModified":"2024-11-07T09:33:15+00:00","description":"Scientific texts and studies demonstrate the success of prostatic artery embolization. A new, minimally invasive technique.","breadcrumb":{"@id":"https:\/\/adenome-prostate.com\/presse-scientifique\/#breadcrumb"},"inLanguage":"en-US","potentialAction":[{"@type":"ReadAction","target":["https:\/\/adenome-prostate.com\/presse-scientifique\/"]}]},{"@type":"BreadcrumbList","@id":"https:\/\/adenome-prostate.com\/presse-scientifique\/#breadcrumb","itemListElement":[{"@type":"ListItem","position":1,"name":"Home","item":"https:\/\/adenome-prostate.com\/"},{"@type":"ListItem","position":2,"name":"Presse scientifique"}]},{"@type":"WebSite","@id":"https:\/\/adenome-prostate.com\/#website","url":"https:\/\/adenome-prostate.com\/","name":"Prostate Embolization Center","description":"Therapeutic Prostate Surgery","publisher":{"@id":"https:\/\/adenome-prostate.com\/#organization"},"potentialAction":[{"@type":"SearchAction","target":{"@type":"EntryPoint","urlTemplate":"https:\/\/adenome-prostate.com\/?s={search_term_string}"},"query-input":{"@type":"PropertyValueSpecification","valueRequired":true,"valueName":"search_term_string"}}],"inLanguage":"en-US"},{"@type":"Organization","@id":"https:\/\/adenome-prostate.com\/#organization","name":"Prostate Embolization Center Paris","url":"https:\/\/adenome-prostate.com\/","logo":{"@type":"ImageObject","inLanguage":"en-US","@id":"https:\/\/adenome-prostate.com\/#\/schema\/logo\/image\/","url":"https:\/\/adenome-prostate.com\/wp-content\/uploads\/2018\/06\/CEA.png","contentUrl":"https:\/\/adenome-prostate.com\/wp-content\/uploads\/2018\/06\/CEA.png","width":450,"height":450,"caption":"Centre d'Embolisation Prostate Paris"},"image":{"@id":"https:\/\/adenome-prostate.com\/#\/schema\/logo\/image\/"},"sameAs":["https:\/\/www.linkedin.com\/company\/centre-embolisation-prostate\/"]}]}},"_links":{"self":[{"href":"https:\/\/adenome-prostate.com\/en\/wp-json\/wp\/v2\/pages\/899","targetHints":{"allow":["GET"]}}],"collection":[{"href":"https:\/\/adenome-prostate.com\/en\/wp-json\/wp\/v2\/pages"}],"about":[{"href":"https:\/\/adenome-prostate.com\/en\/wp-json\/wp\/v2\/types\/page"}],"author":[{"embeddable":true,"href":"https:\/\/adenome-prostate.com\/en\/wp-json\/wp\/v2\/users\/1"}],"replies":[{"embeddable":true,"href":"https:\/\/adenome-prostate.com\/en\/wp-json\/wp\/v2\/comments?post=899"}],"version-history":[{"count":0,"href":"https:\/\/adenome-prostate.com\/en\/wp-json\/wp\/v2\/pages\/899\/revisions"}],"wp:attachment":[{"href":"https:\/\/adenome-prostate.com\/en\/wp-json\/wp\/v2\/media?parent=899"}],"curies":[{"name":"wp","href":"https:\/\/api.w.org\/{rel}","templated":true}]}}